{"id":129,"date":"2021-01-26T23:41:15","date_gmt":"2021-01-26T22:41:15","guid":{"rendered":"http:\/\/prowincjawarszawska.pl\/?page_id=129"},"modified":"2022-08-03T09:40:27","modified_gmt":"2022-08-03T07:40:27","slug":"sluzba-mlodym","status":"publish","type":"page","link":"https:\/\/prowincjawarszawska.pl\/index.php\/sluzba-mlodym\/","title":{"rendered":"S\u0142u\u017cba m\u0142odym"},"content":{"rendered":"\t\t<div data-elementor-type=\"wp-page\" data-elementor-id=\"129\" class=\"elementor elementor-129\">\n\t\t\t\t\t\t\t\t\t<section class=\"elementor-section elementor-top-section elementor-element elementor-element-6e07acb2 elementor-section-boxed elementor-section-height-default elementor-section-height-default qodef-elementor-content-no\" data-id=\"6e07acb2\" data-element_type=\"section\">\n\t\t\t\t\t\t<div class=\"elementor-container elementor-column-gap-default\">\n\t\t\t\t\t<div class=\"elementor-column elementor-col-100 elementor-top-column elementor-element elementor-element-3855e5f2\" data-id=\"3855e5f2\" data-element_type=\"column\">\n\t\t\t<div class=\"elementor-widget-wrap elementor-element-populated\">\n\t\t\t\t\t\t\t\t<div class=\"elementor-element elementor-element-6010d08b elementor-widget elementor-widget-text-editor\" data-id=\"6010d08b\" data-element_type=\"widget\" data-widget_type=\"text-editor.default\">\n\t\t\t\t<div class=\"elementor-widget-container\">\n\t\t\t<style>\/*! elementor - v3.7.4 - 31-08-2022 *\/\n.elementor-widget-text-editor.elementor-drop-cap-view-stacked .elementor-drop-cap{background-color:#818a91;color:#fff}.elementor-widget-text-editor.elementor-drop-cap-view-framed .elementor-drop-cap{color:#818a91;border:3px solid;background-color:transparent}.elementor-widget-text-editor:not(.elementor-drop-cap-view-default) .elementor-drop-cap{margin-top:8px}.elementor-widget-text-editor:not(.elementor-drop-cap-view-default) .elementor-drop-cap-letter{width:1em;height:1em}.elementor-widget-text-editor .elementor-drop-cap{float:left;text-align:center;line-height:1;font-size:50px}.elementor-widget-text-editor .elementor-drop-cap-letter{display:inline-block}<\/style>\t\t\t\t<p><!-- wp:heading {\"level\":4} --><\/p>\n<h4><strong>Dni pustyni<\/strong><\/h4>\n<div><strong>\u00a0<\/strong><\/div>\n<p><!-- \/wp:heading --><\/p>\n<p><!-- wp:paragraph --><\/p>\n<p>Pan B\u00f3g m\u00f3wi w ciszy. Przychodzi w lekkim powiewie. Lecz, aby go us\u0142ysze\u0107 musisz odej\u015b\u0107 na bok, wy\u0142\u0105czy\u0107 si\u0119 cho\u0107 na chwil\u0119 z tego zag\u0142uszonego \u015bwiata, kt\u00f3ry p\u0119dzi, czasami nie wiadomo dok\u0105d. Dlatego proponujemy Ci indywidualne dni pustyni. Mo\u017ce to by\u0107 dla Ciebie dobry czas na ws\u0142uchanie si\u0119 w g\u0142os Bo\u017cy w Twoim sercu w atmosferze modlitwy i wyciszenia. Chod\u017a i zobacz!<\/p>\n<p>\u00a0<\/p>\n<p><!-- \/wp:paragraph --><\/p>\n<p><!-- wp:image {\"id\":290,\"sizeSlug\":\"large\",\"linkDestination\":\"none\"} --><\/p>\n<figure class=\"wp-block-image size-large\"><img loading=\"lazy\" decoding=\"async\" width=\"1024\" height=\"576\" class=\"wp-image-290\" src=\"http:\/\/prowincjawarszawska.pl\/wp-content\/uploads\/2021\/03\/indywidualne-dni-skupienia-1-1024x576.jpg\" alt=\"\" srcset=\"https:\/\/prowincjawarszawska.pl\/wp-content\/uploads\/2021\/03\/indywidualne-dni-skupienia-1-1024x576.jpg 1024w, https:\/\/prowincjawarszawska.pl\/wp-content\/uploads\/2021\/03\/indywidualne-dni-skupienia-1-600x338.jpg 600w, https:\/\/prowincjawarszawska.pl\/wp-content\/uploads\/2021\/03\/indywidualne-dni-skupienia-1-300x169.jpg 300w, https:\/\/prowincjawarszawska.pl\/wp-content\/uploads\/2021\/03\/indywidualne-dni-skupienia-1-768x432.jpg 768w, https:\/\/prowincjawarszawska.pl\/wp-content\/uploads\/2021\/03\/indywidualne-dni-skupienia-1.jpg 1280w\" sizes=\"auto, (max-width: 1024px) 100vw, 1024px\" \/><\/figure>\n<p><!-- \/wp:image --><\/p>\n<p><!-- wp:heading {\"level\":4} --><\/p>\n<h4><strong style=\"letter-spacing: 0px;\">\u00a0<\/strong><\/h4>\n<h4><strong style=\"letter-spacing: 0px;\">Dni skupienia<\/strong><\/h4>\n<div><strong style=\"letter-spacing: 0px;\">\u00a0<\/strong><\/div>\n<p><!-- \/wp:heading --><\/p>\n<p><!-- wp:paragraph --><\/p>\n<p>\u017byjemy w \u015bwiecie, w kt\u00f3rym wiara coraz cz\u0119\u015bciej spychana jest na bok i wy\u015bmiewana. Przez to cz\u0119sto cz\u0142owiek wierz\u0105cy poprzez presj\u0119 spo\u0142ecze\u0144stwa nie ma odwagi, by stan\u0105\u0107 w obronie swojej to\u017csamo\u015bci. Dni skupienia s\u0105 to weekendowe spotkania dla dziewcz\u0105t 15+, kt\u00f3re pragn\u0105 umocni\u0107 i pog\u0142\u0119bi\u0107 swoj\u0105 wiar\u0119 w Jezusa Chrystusa, a tak\u017ce nabra\u0107 mocy i si\u0142y do odwa\u017cnego jej wyznawania w\u015br\u00f3d swoich r\u00f3wie\u015bnik\u00f3w, dla kt\u00f3rych mog\u0105 by\u0107 \u015bwiat\u0142ami nadziei i mi\u0142o\u015bci.<\/p>\n<p>\u00a0<\/p>\n<p><!-- \/wp:paragraph --><\/p>\n<p><!-- wp:heading {\"level\":4} --><\/p>\n<h4><strong>Rekolekcje<\/strong><\/h4>\n<div><strong>\u00a0<\/strong><\/div>\n<p><!-- \/wp:heading --><\/p>\n<p><!-- wp:paragraph --><\/p>\n<p>Ka\u017cdego roku na pocz\u0105tku wakacji organizujemy dla dziewcz\u0105t 5-dniowe rekolekcje w wybranych domach naszego Zgromadzenia. Jest to pi\u0119kny czas umocnienia swojej relacji z Jezusem poprzez modlitw\u0119, sakramenty, zabaw\u0119 oraz wsp\u00f3lne przebywanie we wsp\u00f3lnocie ludzi, dla kt\u00f3rych wiara jest ogromnym skarbem i warto\u015bci\u0105. Niezapomniane przyja\u017anie, kt\u00f3re wywi\u0105zuj\u0105 si\u0119 podczas rekolekcji s\u0105 wielkim bogactwem na dalsze \u017cycie.<\/p>\n<p>\u00a0<\/p>\n<p><!-- \/wp:paragraph --><\/p>\n<p><!-- wp:paragraph --><\/p>\n<p><!-- \/wp:paragraph --><\/p>\n<p><!-- wp:paragraph --><\/p>\n<p><strong>BEZPO\u015aREDNI KONTAKT<\/strong><\/p>\n<p><!-- \/wp:paragraph --><\/p>\n<p><!-- wp:paragraph --><\/p>\n<p>1. Grupa prywatna na facebook-u:<\/p>\n<p><!-- \/wp:paragraph --><\/p>\n<p><!-- wp:paragraph --><\/p>\n<p>Dni Skupieni SIOSTRY FRANCISZKANKI RODZINY MARYI Prowincja Warszawska<\/p>\n<p><!-- \/wp:paragraph --><\/p>\n<p><!-- wp:paragraph --><\/p>\n<p>2. Telefon: 500\u00a0122 118<\/p>\n<p><!-- \/wp:paragraph --><\/p>\n<p><!-- wp:paragraph --><\/p>\n<p>3. Adres e-mail: siostry.frm@gmail.com<\/p>\n<p><!-- \/wp:paragraph --><\/p>\t\t\t\t\t\t<\/div>\n\t\t\t\t<\/div>\n\t\t\t\t\t<\/div>\n\t\t<\/div>\n\t\t\t\t\t\t\t<\/div>\n\t\t<\/section>\n\t\t\t\t\t\t\t<\/div>\n\t\t","protected":false},"excerpt":{"rendered":"<p>Dni pustyni \u00a0 Pan B\u00f3g m\u00f3wi w ciszy. Przychodzi w lekkim powiewie. Lecz, aby go us\u0142ysze\u0107 musisz odej\u015b\u0107 na bok, wy\u0142\u0105czy\u0107 si\u0119 cho\u0107 na chwil\u0119 z tego zag\u0142uszonego \u015bwiata, kt\u00f3ry p\u0119dzi, czasami nie wiadomo dok\u0105d. Dlatego proponujemy Ci indywidualne dni pustyni. Mo\u017ce to by\u0107 dla Ciebie dobry czas na ws\u0142uchanie si\u0119 w g\u0142os Bo\u017cy w [&hellip;]<\/p>\n","protected":false},"author":1,"featured_media":336,"parent":0,"menu_order":0,"comment_status":"closed","ping_status":"closed","template":"","meta":{"footnotes":""},"class_list":["post-129","page","type-page","status-publish","has-post-thumbnail","hentry"],"yoast_head":"<!-- This site is optimized with the Yoast SEO plugin v24.5 - https:\/\/yoast.com\/wordpress\/plugins\/seo\/ -->\n<title>S\u0142u\u017cba m\u0142odym - Zgromadzenie Si\u00f3str Franciszkanek Rodziny Maryi<\/title>\n<meta name=\"robots\" content=\"index, follow, max-snippet:-1, max-image-preview:large, max-video-preview:-1\" \/>\n<link rel=\"canonical\" href=\"https:\/\/prowincjawarszawska.pl\/index.php\/sluzba-mlodym\/\" \/>\n<meta property=\"og:locale\" content=\"pl_PL\" \/>\n<meta property=\"og:type\" content=\"article\" \/>\n<meta property=\"og:title\" content=\"S\u0142u\u017cba m\u0142odym - Zgromadzenie Si\u00f3str Franciszkanek Rodziny Maryi\" \/>\n<meta property=\"og:description\" content=\"Dni pustyni \u00a0 Pan B\u00f3g m\u00f3wi w ciszy. Przychodzi w lekkim powiewie. Lecz, aby go us\u0142ysze\u0107 musisz odej\u015b\u0107 na bok, wy\u0142\u0105czy\u0107 si\u0119 cho\u0107 na chwil\u0119 z tego zag\u0142uszonego \u015bwiata, kt\u00f3ry p\u0119dzi, czasami nie wiadomo dok\u0105d. Dlatego proponujemy Ci indywidualne dni pustyni. Mo\u017ce to by\u0107 dla Ciebie dobry czas na ws\u0142uchanie si\u0119 w g\u0142os Bo\u017cy w [&hellip;]\" \/>\n<meta property=\"og:url\" content=\"https:\/\/prowincjawarszawska.pl\/index.php\/sluzba-mlodym\/\" \/>\n<meta property=\"og:site_name\" content=\"Zgromadzenie Si\u00f3str Franciszkanek Rodziny Maryi\" \/>\n<meta property=\"article:modified_time\" content=\"2022-08-03T07:40:27+00:00\" \/>\n<meta property=\"og:image\" content=\"https:\/\/prowincjawarszawska.pl\/wp-content\/uploads\/2021\/04\/IMG_20200926_213650-001.jpg\" \/>\n\t<meta property=\"og:image:width\" content=\"800\" \/>\n\t<meta property=\"og:image:height\" content=\"600\" \/>\n\t<meta property=\"og:image:type\" content=\"image\/jpeg\" \/>\n<meta name=\"twitter:card\" content=\"summary_large_image\" \/>\n<meta name=\"twitter:label1\" content=\"Szacowany czas czytania\" \/>\n\t<meta name=\"twitter:data1\" content=\"2 minuty\" \/>\n<script type=\"application\/ld+json\" class=\"yoast-schema-graph\">{\"@context\":\"https:\/\/schema.org\",\"@graph\":[{\"@type\":\"WebPage\",\"@id\":\"https:\/\/prowincjawarszawska.pl\/index.php\/sluzba-mlodym\/\",\"url\":\"https:\/\/prowincjawarszawska.pl\/index.php\/sluzba-mlodym\/\",\"name\":\"S\u0142u\u017cba m\u0142odym - Zgromadzenie Si\u00f3str Franciszkanek Rodziny Maryi\",\"isPartOf\":{\"@id\":\"https:\/\/prowincjawarszawska.pl\/#website\"},\"primaryImageOfPage\":{\"@id\":\"https:\/\/prowincjawarszawska.pl\/index.php\/sluzba-mlodym\/#primaryimage\"},\"image\":{\"@id\":\"https:\/\/prowincjawarszawska.pl\/index.php\/sluzba-mlodym\/#primaryimage\"},\"thumbnailUrl\":\"https:\/\/prowincjawarszawska.pl\/wp-content\/uploads\/2021\/04\/IMG_20200926_213650-001.jpg\",\"datePublished\":\"2021-01-26T22:41:15+00:00\",\"dateModified\":\"2022-08-03T07:40:27+00:00\",\"breadcrumb\":{\"@id\":\"https:\/\/prowincjawarszawska.pl\/index.php\/sluzba-mlodym\/#breadcrumb\"},\"inLanguage\":\"pl-PL\",\"potentialAction\":[{\"@type\":\"ReadAction\",\"target\":[\"https:\/\/prowincjawarszawska.pl\/index.php\/sluzba-mlodym\/\"]}]},{\"@type\":\"ImageObject\",\"inLanguage\":\"pl-PL\",\"@id\":\"https:\/\/prowincjawarszawska.pl\/index.php\/sluzba-mlodym\/#primaryimage\",\"url\":\"https:\/\/prowincjawarszawska.pl\/wp-content\/uploads\/2021\/04\/IMG_20200926_213650-001.jpg\",\"contentUrl\":\"https:\/\/prowincjawarszawska.pl\/wp-content\/uploads\/2021\/04\/IMG_20200926_213650-001.jpg\",\"width\":800,\"height\":600,\"caption\":\"dav\"},{\"@type\":\"BreadcrumbList\",\"@id\":\"https:\/\/prowincjawarszawska.pl\/index.php\/sluzba-mlodym\/#breadcrumb\",\"itemListElement\":[{\"@type\":\"ListItem\",\"position\":1,\"name\":\"Strona g\u0142\u00f3wna\",\"item\":\"https:\/\/prowincjawarszawska.pl\/\"},{\"@type\":\"ListItem\",\"position\":2,\"name\":\"S\u0142u\u017cba m\u0142odym\"}]},{\"@type\":\"WebSite\",\"@id\":\"https:\/\/prowincjawarszawska.pl\/#website\",\"url\":\"https:\/\/prowincjawarszawska.pl\/\",\"name\":\"Zgromadzenie Si\u00f3str Franciszkanek Rodziny Maryi\",\"description\":\"Prowincja Warszawska\",\"publisher\":{\"@id\":\"https:\/\/prowincjawarszawska.pl\/#organization\"},\"potentialAction\":[{\"@type\":\"SearchAction\",\"target\":{\"@type\":\"EntryPoint\",\"urlTemplate\":\"https:\/\/prowincjawarszawska.pl\/?s={search_term_string}\"},\"query-input\":{\"@type\":\"PropertyValueSpecification\",\"valueRequired\":true,\"valueName\":\"search_term_string\"}}],\"inLanguage\":\"pl-PL\"},{\"@type\":\"Organization\",\"@id\":\"https:\/\/prowincjawarszawska.pl\/#organization\",\"name\":\"Zgromadzenie Si\u00f3str Franciszkanek Rodziny Maryi\",\"url\":\"https:\/\/prowincjawarszawska.pl\/\",\"logo\":{\"@type\":\"ImageObject\",\"inLanguage\":\"pl-PL\",\"@id\":\"https:\/\/prowincjawarszawska.pl\/#\/schema\/logo\/image\/\",\"url\":\"https:\/\/prowincjawarszawska.pl\/wp-content\/uploads\/2022\/06\/cropped-LogoSRM.jpg\",\"contentUrl\":\"https:\/\/prowincjawarszawska.pl\/wp-content\/uploads\/2022\/06\/cropped-LogoSRM.jpg\",\"width\":91,\"height\":91,\"caption\":\"Zgromadzenie Si\u00f3str Franciszkanek Rodziny Maryi\"},\"image\":{\"@id\":\"https:\/\/prowincjawarszawska.pl\/#\/schema\/logo\/image\/\"}}]}<\/script>\n<!-- \/ Yoast SEO plugin. -->","yoast_head_json":{"title":"S\u0142u\u017cba m\u0142odym - Zgromadzenie Si\u00f3str Franciszkanek Rodziny Maryi","robots":{"index":"index","follow":"follow","max-snippet":"max-snippet:-1","max-image-preview":"max-image-preview:large","max-video-preview":"max-video-preview:-1"},"canonical":"https:\/\/prowincjawarszawska.pl\/index.php\/sluzba-mlodym\/","og_locale":"pl_PL","og_type":"article","og_title":"S\u0142u\u017cba m\u0142odym - Zgromadzenie Si\u00f3str Franciszkanek Rodziny Maryi","og_description":"Dni pustyni \u00a0 Pan B\u00f3g m\u00f3wi w ciszy. Przychodzi w lekkim powiewie. Lecz, aby go us\u0142ysze\u0107 musisz odej\u015b\u0107 na bok, wy\u0142\u0105czy\u0107 si\u0119 cho\u0107 na chwil\u0119 z tego zag\u0142uszonego \u015bwiata, kt\u00f3ry p\u0119dzi, czasami nie wiadomo dok\u0105d. Dlatego proponujemy Ci indywidualne dni pustyni. Mo\u017ce to by\u0107 dla Ciebie dobry czas na ws\u0142uchanie si\u0119 w g\u0142os Bo\u017cy w [&hellip;]","og_url":"https:\/\/prowincjawarszawska.pl\/index.php\/sluzba-mlodym\/","og_site_name":"Zgromadzenie Si\u00f3str Franciszkanek Rodziny Maryi","article_modified_time":"2022-08-03T07:40:27+00:00","og_image":[{"width":800,"height":600,"url":"https:\/\/prowincjawarszawska.pl\/wp-content\/uploads\/2021\/04\/IMG_20200926_213650-001.jpg","type":"image\/jpeg"}],"twitter_card":"summary_large_image","twitter_misc":{"Szacowany czas czytania":"2 minuty"},"schema":{"@context":"https:\/\/schema.org","@graph":[{"@type":"WebPage","@id":"https:\/\/prowincjawarszawska.pl\/index.php\/sluzba-mlodym\/","url":"https:\/\/prowincjawarszawska.pl\/index.php\/sluzba-mlodym\/","name":"S\u0142u\u017cba m\u0142odym - Zgromadzenie Si\u00f3str Franciszkanek Rodziny Maryi","isPartOf":{"@id":"https:\/\/prowincjawarszawska.pl\/#website"},"primaryImageOfPage":{"@id":"https:\/\/prowincjawarszawska.pl\/index.php\/sluzba-mlodym\/#primaryimage"},"image":{"@id":"https:\/\/prowincjawarszawska.pl\/index.php\/sluzba-mlodym\/#primaryimage"},"thumbnailUrl":"https:\/\/prowincjawarszawska.pl\/wp-content\/uploads\/2021\/04\/IMG_20200926_213650-001.jpg","datePublished":"2021-01-26T22:41:15+00:00","dateModified":"2022-08-03T07:40:27+00:00","breadcrumb":{"@id":"https:\/\/prowincjawarszawska.pl\/index.php\/sluzba-mlodym\/#breadcrumb"},"inLanguage":"pl-PL","potentialAction":[{"@type":"ReadAction","target":["https:\/\/prowincjawarszawska.pl\/index.php\/sluzba-mlodym\/"]}]},{"@type":"ImageObject","inLanguage":"pl-PL","@id":"https:\/\/prowincjawarszawska.pl\/index.php\/sluzba-mlodym\/#primaryimage","url":"https:\/\/prowincjawarszawska.pl\/wp-content\/uploads\/2021\/04\/IMG_20200926_213650-001.jpg","contentUrl":"https:\/\/prowincjawarszawska.pl\/wp-content\/uploads\/2021\/04\/IMG_20200926_213650-001.jpg","width":800,"height":600,"caption":"dav"},{"@type":"BreadcrumbList","@id":"https:\/\/prowincjawarszawska.pl\/index.php\/sluzba-mlodym\/#breadcrumb","itemListElement":[{"@type":"ListItem","position":1,"name":"Strona g\u0142\u00f3wna","item":"https:\/\/prowincjawarszawska.pl\/"},{"@type":"ListItem","position":2,"name":"S\u0142u\u017cba m\u0142odym"}]},{"@type":"WebSite","@id":"https:\/\/prowincjawarszawska.pl\/#website","url":"https:\/\/prowincjawarszawska.pl\/","name":"Zgromadzenie Si\u00f3str Franciszkanek Rodziny Maryi","description":"Prowincja Warszawska","publisher":{"@id":"https:\/\/prowincjawarszawska.pl\/#organization"},"potentialAction":[{"@type":"SearchAction","target":{"@type":"EntryPoint","urlTemplate":"https:\/\/prowincjawarszawska.pl\/?s={search_term_string}"},"query-input":{"@type":"PropertyValueSpecification","valueRequired":true,"valueName":"search_term_string"}}],"inLanguage":"pl-PL"},{"@type":"Organization","@id":"https:\/\/prowincjawarszawska.pl\/#organization","name":"Zgromadzenie Si\u00f3str Franciszkanek Rodziny Maryi","url":"https:\/\/prowincjawarszawska.pl\/","logo":{"@type":"ImageObject","inLanguage":"pl-PL","@id":"https:\/\/prowincjawarszawska.pl\/#\/schema\/logo\/image\/","url":"https:\/\/prowincjawarszawska.pl\/wp-content\/uploads\/2022\/06\/cropped-LogoSRM.jpg","contentUrl":"https:\/\/prowincjawarszawska.pl\/wp-content\/uploads\/2022\/06\/cropped-LogoSRM.jpg","width":91,"height":91,"caption":"Zgromadzenie Si\u00f3str Franciszkanek Rodziny Maryi"},"image":{"@id":"https:\/\/prowincjawarszawska.pl\/#\/schema\/logo\/image\/"}}]}},"jetpack_sharing_enabled":true,"_links":{"self":[{"href":"https:\/\/prowincjawarszawska.pl\/index.php\/wp-json\/wp\/v2\/pages\/129","targetHints":{"allow":["GET"]}}],"collection":[{"href":"https:\/\/prowincjawarszawska.pl\/index.php\/wp-json\/wp\/v2\/pages"}],"about":[{"href":"https:\/\/prowincjawarszawska.pl\/index.php\/wp-json\/wp\/v2\/types\/page"}],"author":[{"embeddable":true,"href":"https:\/\/prowincjawarszawska.pl\/index.php\/wp-json\/wp\/v2\/users\/1"}],"replies":[{"embeddable":true,"href":"https:\/\/prowincjawarszawska.pl\/index.php\/wp-json\/wp\/v2\/comments?post=129"}],"version-history":[{"count":13,"href":"https:\/\/prowincjawarszawska.pl\/index.php\/wp-json\/wp\/v2\/pages\/129\/revisions"}],"predecessor-version":[{"id":1485,"href":"https:\/\/prowincjawarszawska.pl\/index.php\/wp-json\/wp\/v2\/pages\/129\/revisions\/1485"}],"wp:featuredmedia":[{"embeddable":true,"href":"https:\/\/prowincjawarszawska.pl\/index.php\/wp-json\/wp\/v2\/media\/336"}],"wp:attachment":[{"href":"https:\/\/prowincjawarszawska.pl\/index.php\/wp-json\/wp\/v2\/media?parent=129"}],"curies":[{"name":"wp","href":"https:\/\/api.w.org\/{rel}","templated":true}]}}