{"id":184,"date":"2021-01-27T23:35:10","date_gmt":"2021-01-27T22:35:10","guid":{"rendered":"http:\/\/prowincjawarszawska.pl\/?page_id=184"},"modified":"2021-01-27T23:35:10","modified_gmt":"2021-01-27T22:35:10","slug":"klauzula-informacyjna","status":"publish","type":"page","link":"https:\/\/prowincjawarszawska.pl\/index.php\/klauzula-informacyjna\/","title":{"rendered":"Klauzula informacyjna"},"content":{"rendered":"\n<p>Wype\u0142niaj\u0105c obowi\u0105zek prawny uregulowany zapisami art. 8 ust. 1 \u00a0Dekretu og\u00f3lnego\u00a0w sprawie ochrony os\u00f3b fizycznych w zwi\u0105zku z przetwarzaniem danych osobowych w Ko\u015bciele katolickim\u00a0wydany przez Konferencj\u0119 Episkopatu Polski, w dniu 13 marca 2018 r., informujemy, i\u017c:<\/p>\n\n\n\n<p><strong>Administratorem Twoich danych osobowych jest:<\/strong><\/p>\n\n\n\n<p>Prowincja Niepokalanej \u2013Warszawska Zgromadzenia Si\u00f3str Franciszkanek Rodziny Maryi, zwana dalej: \u201eAdministratorem\u201d,<\/p>\n\n\n\n<p>ul. Ho\u017ca 53<br>00- 681 Warszawa<br>Tel. +48 22&nbsp;629 67 87<\/p>\n\n\n\n<p><strong>Inspektorem Ochrony Danych w Prowincji Niepokalanej \u2013 Warszawskiej jest:<\/strong><\/p>\n\n\n\n<p>s. Renata Murawka<br>e-mail:\u00a0 <a href=\"mailto:iodzsfrm@gmail.com\">iodzsfrm@gmail.com<\/a><br>tel. \u00a0517 541\u00a0169<\/p>\n\n\n\n<p><strong>Podstawa prawna i cel przetwarzania danych<\/strong><\/p>\n\n\n\n<p>Twoje dane osobowe b\u0119d\u0105 przetwarzane na podstawie zgody lub przes\u0142anki prawnie uzasadnionego interesu realizowanego przez administratora, o kt\u00f3rej mowa w&nbsp; art. 7 pkt 5, 6&nbsp;<em>Dekretu og\u00f3lnego w sprawie ochrony os\u00f3b fizycznych w zwi\u0105zku z przetwarzaniem danych osobowych w Ko\u015bciele katolickim<\/em>, wydanym przez Konferencj\u0119 Episkopatu Polski w dniu 13 marca 2018 r., w celu realizacji zada\u0144 statutowych Administratora Ochrony Danych Osobowych.<\/p>\n\n\n\n<p><strong>Czas przechowywania Twoich danych<\/strong><\/p>\n\n\n\n<p>Twoje dane osobowe b\u0119d\u0105 przechowywane przez okres niezb\u0119dny do realizacji zada\u0144 statutowych Administratora Ochrony Danych Osobowych, wynikaj\u0105cy z przepis\u00f3w prawa lub do odwo\u0142ania zgody na przetwarzanie powierzonych danych osobowych.<\/p>\n\n\n\n<p><strong>Udost\u0119pnianie Twoich danych<\/strong><\/p>\n\n\n\n<p>Prowincja Niepokalanej &#8211; Warszawska Zgromadzenia Si\u00f3str Franciszkanek Rodziny Maryi nie udost\u0119pnia nikomu Twoich danych osobowych.<\/p>\n\n\n\n<p><strong>Przys\u0142uguje Ci prawo do:<\/strong><\/p>\n\n\n\n<ul class=\"wp-block-list\"><li><strong>informacji<\/strong>&nbsp;o przetwarzaniu danych<\/li><li><strong>dost\u0119pu<\/strong>&nbsp;do tre\u015bci swoich danych i ich sprostowania<\/li><li><strong>prawo do \u017c\u0105dania usuni\u0119cia<\/strong>&nbsp;swoich danych<\/li><li><strong>ograniczenia<\/strong>&nbsp;przetwarzania swoich danych osobowych<\/li><li><strong>przenoszenia&nbsp;<\/strong>swoich danych<\/li><li><strong>wniesienia sprzeciwu<\/strong>&nbsp;wobec przetwarzania swoich danych<\/li><\/ul>\n\n\n\n<p>Masz r\u00f3wnie\u017c prawo do wniesienia skargi do&nbsp;<strong>Ko\u015bcielnego Inspektora Ochrony Danych<\/strong>&nbsp;(kiod@episkopat.pl), je\u015bli uznasz, \u017ce przetwarzanie Twoich danych osobowych narusza przepisy&nbsp;<em>Dekretu og\u00f3lnego w sprawie ochrony os\u00f3b fizycznych w zwi\u0105zku<br>z przetwarzaniem danych osobowych w Ko\u015bciele Katolickim <\/em>wydanego przez&nbsp;Konferencj\u0119 Episkopatu Polski.<\/p>\n","protected":false},"excerpt":{"rendered":"<p>Wype\u0142niaj\u0105c obowi\u0105zek prawny uregulowany zapisami art. 8 ust. 1 \u00a0Dekretu og\u00f3lnego\u00a0w sprawie ochrony os\u00f3b fizycznych w zwi\u0105zku z przetwarzaniem danych osobowych w Ko\u015bciele katolickim\u00a0wydany przez Konferencj\u0119 Episkopatu Polski, w dniu 13 marca 2018 r., informujemy, i\u017c: Administratorem Twoich danych osobowych jest: Prowincja Niepokalanej \u2013Warszawska Zgromadzenia Si\u00f3str Franciszkanek Rodziny Maryi, zwana dalej: \u201eAdministratorem\u201d, ul. Ho\u017ca 5300- [&hellip;]<\/p>\n","protected":false},"author":1,"featured_media":0,"parent":0,"menu_order":0,"comment_status":"closed","ping_status":"closed","template":"","meta":{"footnotes":""},"class_list":["post-184","page","type-page","status-publish","hentry"],"yoast_head":"<!-- This site is optimized with the Yoast SEO plugin v24.5 - https:\/\/yoast.com\/wordpress\/plugins\/seo\/ -->\n<title>Klauzula informacyjna - Zgromadzenie Si\u00f3str Franciszkanek Rodziny Maryi<\/title>\n<meta name=\"robots\" content=\"index, follow, max-snippet:-1, max-image-preview:large, max-video-preview:-1\" \/>\n<link rel=\"canonical\" href=\"https:\/\/prowincjawarszawska.pl\/index.php\/klauzula-informacyjna\/\" \/>\n<meta property=\"og:locale\" content=\"pl_PL\" \/>\n<meta property=\"og:type\" content=\"article\" \/>\n<meta property=\"og:title\" content=\"Klauzula informacyjna - Zgromadzenie Si\u00f3str Franciszkanek Rodziny Maryi\" \/>\n<meta property=\"og:description\" content=\"Wype\u0142niaj\u0105c obowi\u0105zek prawny uregulowany zapisami art. 8 ust. 1 \u00a0Dekretu og\u00f3lnego\u00a0w sprawie ochrony os\u00f3b fizycznych w zwi\u0105zku z przetwarzaniem danych osobowych w Ko\u015bciele katolickim\u00a0wydany przez Konferencj\u0119 Episkopatu Polski, w dniu 13 marca 2018 r., informujemy, i\u017c: Administratorem Twoich danych osobowych jest: Prowincja Niepokalanej \u2013Warszawska Zgromadzenia Si\u00f3str Franciszkanek Rodziny Maryi, zwana dalej: \u201eAdministratorem\u201d, ul. Ho\u017ca 5300- [&hellip;]\" \/>\n<meta property=\"og:url\" content=\"https:\/\/prowincjawarszawska.pl\/index.php\/klauzula-informacyjna\/\" \/>\n<meta property=\"og:site_name\" content=\"Zgromadzenie Si\u00f3str Franciszkanek Rodziny Maryi\" \/>\n<meta name=\"twitter:card\" content=\"summary_large_image\" \/>\n<meta name=\"twitter:label1\" content=\"Szacowany czas czytania\" \/>\n\t<meta name=\"twitter:data1\" content=\"2 minuty\" \/>\n<script type=\"application\/ld+json\" class=\"yoast-schema-graph\">{\"@context\":\"https:\/\/schema.org\",\"@graph\":[{\"@type\":\"WebPage\",\"@id\":\"https:\/\/prowincjawarszawska.pl\/index.php\/klauzula-informacyjna\/\",\"url\":\"https:\/\/prowincjawarszawska.pl\/index.php\/klauzula-informacyjna\/\",\"name\":\"Klauzula informacyjna - Zgromadzenie Si\u00f3str Franciszkanek Rodziny Maryi\",\"isPartOf\":{\"@id\":\"https:\/\/prowincjawarszawska.pl\/#website\"},\"datePublished\":\"2021-01-27T22:35:10+00:00\",\"breadcrumb\":{\"@id\":\"https:\/\/prowincjawarszawska.pl\/index.php\/klauzula-informacyjna\/#breadcrumb\"},\"inLanguage\":\"pl-PL\",\"potentialAction\":[{\"@type\":\"ReadAction\",\"target\":[\"https:\/\/prowincjawarszawska.pl\/index.php\/klauzula-informacyjna\/\"]}]},{\"@type\":\"BreadcrumbList\",\"@id\":\"https:\/\/prowincjawarszawska.pl\/index.php\/klauzula-informacyjna\/#breadcrumb\",\"itemListElement\":[{\"@type\":\"ListItem\",\"position\":1,\"name\":\"Strona g\u0142\u00f3wna\",\"item\":\"https:\/\/prowincjawarszawska.pl\/\"},{\"@type\":\"ListItem\",\"position\":2,\"name\":\"Klauzula informacyjna\"}]},{\"@type\":\"WebSite\",\"@id\":\"https:\/\/prowincjawarszawska.pl\/#website\",\"url\":\"https:\/\/prowincjawarszawska.pl\/\",\"name\":\"Zgromadzenie Si\u00f3str Franciszkanek Rodziny Maryi\",\"description\":\"Prowincja Warszawska\",\"publisher\":{\"@id\":\"https:\/\/prowincjawarszawska.pl\/#organization\"},\"potentialAction\":[{\"@type\":\"SearchAction\",\"target\":{\"@type\":\"EntryPoint\",\"urlTemplate\":\"https:\/\/prowincjawarszawska.pl\/?s={search_term_string}\"},\"query-input\":{\"@type\":\"PropertyValueSpecification\",\"valueRequired\":true,\"valueName\":\"search_term_string\"}}],\"inLanguage\":\"pl-PL\"},{\"@type\":\"Organization\",\"@id\":\"https:\/\/prowincjawarszawska.pl\/#organization\",\"name\":\"Zgromadzenie Si\u00f3str Franciszkanek Rodziny Maryi\",\"url\":\"https:\/\/prowincjawarszawska.pl\/\",\"logo\":{\"@type\":\"ImageObject\",\"inLanguage\":\"pl-PL\",\"@id\":\"https:\/\/prowincjawarszawska.pl\/#\/schema\/logo\/image\/\",\"url\":\"https:\/\/prowincjawarszawska.pl\/wp-content\/uploads\/2022\/06\/cropped-LogoSRM.jpg\",\"contentUrl\":\"https:\/\/prowincjawarszawska.pl\/wp-content\/uploads\/2022\/06\/cropped-LogoSRM.jpg\",\"width\":91,\"height\":91,\"caption\":\"Zgromadzenie Si\u00f3str Franciszkanek Rodziny Maryi\"},\"image\":{\"@id\":\"https:\/\/prowincjawarszawska.pl\/#\/schema\/logo\/image\/\"}}]}<\/script>\n<!-- \/ Yoast SEO plugin. -->","yoast_head_json":{"title":"Klauzula informacyjna - Zgromadzenie Si\u00f3str Franciszkanek Rodziny Maryi","robots":{"index":"index","follow":"follow","max-snippet":"max-snippet:-1","max-image-preview":"max-image-preview:large","max-video-preview":"max-video-preview:-1"},"canonical":"https:\/\/prowincjawarszawska.pl\/index.php\/klauzula-informacyjna\/","og_locale":"pl_PL","og_type":"article","og_title":"Klauzula informacyjna - Zgromadzenie Si\u00f3str Franciszkanek Rodziny Maryi","og_description":"Wype\u0142niaj\u0105c obowi\u0105zek prawny uregulowany zapisami art. 8 ust. 1 \u00a0Dekretu og\u00f3lnego\u00a0w sprawie ochrony os\u00f3b fizycznych w zwi\u0105zku z przetwarzaniem danych osobowych w Ko\u015bciele katolickim\u00a0wydany przez Konferencj\u0119 Episkopatu Polski, w dniu 13 marca 2018 r., informujemy, i\u017c: Administratorem Twoich danych osobowych jest: Prowincja Niepokalanej \u2013Warszawska Zgromadzenia Si\u00f3str Franciszkanek Rodziny Maryi, zwana dalej: \u201eAdministratorem\u201d, ul. Ho\u017ca 5300- [&hellip;]","og_url":"https:\/\/prowincjawarszawska.pl\/index.php\/klauzula-informacyjna\/","og_site_name":"Zgromadzenie Si\u00f3str Franciszkanek Rodziny Maryi","twitter_card":"summary_large_image","twitter_misc":{"Szacowany czas czytania":"2 minuty"},"schema":{"@context":"https:\/\/schema.org","@graph":[{"@type":"WebPage","@id":"https:\/\/prowincjawarszawska.pl\/index.php\/klauzula-informacyjna\/","url":"https:\/\/prowincjawarszawska.pl\/index.php\/klauzula-informacyjna\/","name":"Klauzula informacyjna - Zgromadzenie Si\u00f3str Franciszkanek Rodziny Maryi","isPartOf":{"@id":"https:\/\/prowincjawarszawska.pl\/#website"},"datePublished":"2021-01-27T22:35:10+00:00","breadcrumb":{"@id":"https:\/\/prowincjawarszawska.pl\/index.php\/klauzula-informacyjna\/#breadcrumb"},"inLanguage":"pl-PL","potentialAction":[{"@type":"ReadAction","target":["https:\/\/prowincjawarszawska.pl\/index.php\/klauzula-informacyjna\/"]}]},{"@type":"BreadcrumbList","@id":"https:\/\/prowincjawarszawska.pl\/index.php\/klauzula-informacyjna\/#breadcrumb","itemListElement":[{"@type":"ListItem","position":1,"name":"Strona g\u0142\u00f3wna","item":"https:\/\/prowincjawarszawska.pl\/"},{"@type":"ListItem","position":2,"name":"Klauzula informacyjna"}]},{"@type":"WebSite","@id":"https:\/\/prowincjawarszawska.pl\/#website","url":"https:\/\/prowincjawarszawska.pl\/","name":"Zgromadzenie Si\u00f3str Franciszkanek Rodziny Maryi","description":"Prowincja Warszawska","publisher":{"@id":"https:\/\/prowincjawarszawska.pl\/#organization"},"potentialAction":[{"@type":"SearchAction","target":{"@type":"EntryPoint","urlTemplate":"https:\/\/prowincjawarszawska.pl\/?s={search_term_string}"},"query-input":{"@type":"PropertyValueSpecification","valueRequired":true,"valueName":"search_term_string"}}],"inLanguage":"pl-PL"},{"@type":"Organization","@id":"https:\/\/prowincjawarszawska.pl\/#organization","name":"Zgromadzenie Si\u00f3str Franciszkanek Rodziny Maryi","url":"https:\/\/prowincjawarszawska.pl\/","logo":{"@type":"ImageObject","inLanguage":"pl-PL","@id":"https:\/\/prowincjawarszawska.pl\/#\/schema\/logo\/image\/","url":"https:\/\/prowincjawarszawska.pl\/wp-content\/uploads\/2022\/06\/cropped-LogoSRM.jpg","contentUrl":"https:\/\/prowincjawarszawska.pl\/wp-content\/uploads\/2022\/06\/cropped-LogoSRM.jpg","width":91,"height":91,"caption":"Zgromadzenie Si\u00f3str Franciszkanek Rodziny Maryi"},"image":{"@id":"https:\/\/prowincjawarszawska.pl\/#\/schema\/logo\/image\/"}}]}},"jetpack_sharing_enabled":true,"_links":{"self":[{"href":"https:\/\/prowincjawarszawska.pl\/index.php\/wp-json\/wp\/v2\/pages\/184","targetHints":{"allow":["GET"]}}],"collection":[{"href":"https:\/\/prowincjawarszawska.pl\/index.php\/wp-json\/wp\/v2\/pages"}],"about":[{"href":"https:\/\/prowincjawarszawska.pl\/index.php\/wp-json\/wp\/v2\/types\/page"}],"author":[{"embeddable":true,"href":"https:\/\/prowincjawarszawska.pl\/index.php\/wp-json\/wp\/v2\/users\/1"}],"replies":[{"embeddable":true,"href":"https:\/\/prowincjawarszawska.pl\/index.php\/wp-json\/wp\/v2\/comments?post=184"}],"version-history":[{"count":1,"href":"https:\/\/prowincjawarszawska.pl\/index.php\/wp-json\/wp\/v2\/pages\/184\/revisions"}],"predecessor-version":[{"id":186,"href":"https:\/\/prowincjawarszawska.pl\/index.php\/wp-json\/wp\/v2\/pages\/184\/revisions\/186"}],"wp:attachment":[{"href":"https:\/\/prowincjawarszawska.pl\/index.php\/wp-json\/wp\/v2\/media?parent=184"}],"curies":[{"name":"wp","href":"https:\/\/api.w.org\/{rel}","templated":true}]}}