{"id":43,"date":"2020-10-16T17:32:00","date_gmt":"2020-10-16T15:32:00","guid":{"rendered":"http:\/\/prowincjawarszawska.pl\/?page_id=43"},"modified":"2020-12-08T14:37:33","modified_gmt":"2020-12-08T13:37:33","slug":"dps-wojewodztwo-podlaskie","status":"publish","type":"page","link":"https:\/\/prowincjawarszawska.pl\/index.php\/dps-wojewodztwo-podlaskie\/","title":{"rendered":"DPS wojew\u00f3dztwo podlaskie"},"content":{"rendered":"\n<div class=\"wp-block-image\"><figure class=\"alignleft size-full\"><img loading=\"lazy\" decoding=\"async\" width=\"1007\" height=\"209\" src=\"http:\/\/prowincjawarszawska.pl\/wp-content\/uploads\/2020\/10\/logo_ue_efs.png\" alt=\"\" class=\"wp-image-45\" srcset=\"https:\/\/prowincjawarszawska.pl\/wp-content\/uploads\/2020\/10\/logo_ue_efs.png 1007w, https:\/\/prowincjawarszawska.pl\/wp-content\/uploads\/2020\/10\/logo_ue_efs-600x125.png 600w, https:\/\/prowincjawarszawska.pl\/wp-content\/uploads\/2020\/10\/logo_ue_efs-300x62.png 300w, https:\/\/prowincjawarszawska.pl\/wp-content\/uploads\/2020\/10\/logo_ue_efs-768x159.png 768w\" sizes=\"auto, (max-width: 1007px) 100vw, 1007px\" \/><\/figure><\/div>\n\n\n\n<p><strong>Projekt \u201eBezpieczna przysz\u0142o\u015b\u0107\u201d &#8211; wsparcie dla Dom\u00f3w Pomocy Spo\u0142ecznej z terenu wojew\u00f3dztwa podlaskiego<\/strong> wsp\u00f3\u0142finansowany ze \u015brodk\u00f3w Europejskiego Funduszu Spo\u0142ecznego, w ramach Programu Operacyjnego Wiedza Edukacja Rozw\u00f3j na lata 2014-2020,<br>w Dzia\u0142aniu 2.8 Rozw\u00f3j us\u0142ug spo\u0142ecznych \u015bwiadczonych w \u015brodowisku lokalnym, Priorytet Inwestycyjny PI 9iv: U\u0142atwianie dost\u0119pu do przyst\u0119pnych cenowo, trwa\u0142ych oraz wysokiej jako\u015bci us\u0142ug, w tym opieki zdrowotnej i us\u0142ug socjalnych \u015bwiadczonych w interesie og\u00f3lnym.<\/p>\n\n\n\n<div class=\"wp-block-file\"><a href=\"http:\/\/prowincjawarszawska.pl\/wp-content\/uploads\/2020\/11\/Informacja_o_otrzymaniu_Grantu_Projekt_Bezpieczna_przyszlosc_woj_podlaskie.pdf\">Informacja o otrzymaniu grantu (PDF, 1.38MB)<\/a><\/div>\n\n\n\n<hr class=\"wp-block-separator is-style-wide\"\/>\n\n\n\n<div class=\"wp-block-file\"><a href=\"http:\/\/prowincjawarszawska.pl\/wp-content\/uploads\/2020\/11\/Augustow-NFZ-informacja-o-grancie.pdf\"><strong>Projekt \u201eZapewnienie bezpiecze\u0144stwa i opieki pacjentom oraz bezpiecze\u0144stwa personelowi Zak\u0142ad\u00f3w Opieku\u0144czo-Leczniczych, Dom\u00f3w Pomocy Spo\u0142ecznych, Zak\u0142ad\u00f3w Piel\u0119gnacyjno \u2013 Opieku\u0144czych i Hospicj\u00f3w na czas COVID-19\u201d &#8211; wsp\u00f3\u0142finansowany ze \u015brodk\u00f3w Europejskiego Funduszu Spo\u0142ecznego, w ramach Programu Operacyjnego Wiedza Edukacja Rozw\u00f3j na lata 2014-2020.<\/strong><br><br>Dom Pomocy Spo\u0142ecznej dla Dzieci i M\u0142odzie\u017cy ul. 3-Maja 57 August\u00f3w &#8211; NFZ informacja o grancie (PDF, 123KB)<\/a><\/div>\n\n\n\n<div class=\"wp-block-file\"><a href=\"http:\/\/prowincjawarszawska.pl\/wp-content\/uploads\/2020\/11\/Sejny-NFZ-informacja-o-grancie.pdf\">Dom Pomocy Spo\u0142ecznej dla Doros\u0142ych w Sejnach &#8211; NFZ informacja o grancie (PDF, 122KB)<\/a><\/div>\n\n\n\n<div class=\"wp-block-file\"><a href=\"http:\/\/prowincjawarszawska.pl\/wp-content\/uploads\/2020\/11\/Studzieniczna-NFZ-informacja-o-grancie.pdf\">Dom Pomocy Spo\u0142ecznej dla Dzieci i M\u0142odzie\u017cy ul. Studzieniczna 2, August\u00f3w &#8211; NFZ informacja o grancie (PDF, 122KB)<\/a><\/div>\n\n\n\n<hr class=\"wp-block-separator is-style-wide\"\/>\n\n\n\n<h3 class=\"wp-block-heading\">Projekt \u201eWdro\u017cenie dzia\u0142a\u0144 maj\u0105cych na celu popraw\u0119 sytuacji epidemiologicznej zwi\u0105zanej z zagro\u017ceniem spowodowanym przez koronawirus SARS-CoV-2 na terenie wojew\u00f3dztwa podlaskiego w obszarze systemu pomocy spo\u0142ecznej\u201d<\/h3>\n\n\n\n<div class=\"wp-block-file\"><a href=\"http:\/\/prowincjawarszawska.pl\/wp-content\/uploads\/2020\/12\/Wdrozenie_dzialan_-_informacja_o_grancie_DPSdDiM_Augustow_i_DPSdDiM_Studzieniczna.pdf\">DPS dla Dzieci i M\u0142odzie\u017cy August\u00f3w i DPS dla Dzieci i M\u0142odzie\u017cy Studzieniczna &#8211; Informacja o projekcie (PDF, 191KB)<\/a><\/div>\n\n\n\n<p><\/p>\n","protected":false},"excerpt":{"rendered":"<p>Projekt \u201eBezpieczna przysz\u0142o\u015b\u0107\u201d &#8211; wsparcie dla Dom\u00f3w Pomocy Spo\u0142ecznej z terenu wojew\u00f3dztwa podlaskiego wsp\u00f3\u0142finansowany ze \u015brodk\u00f3w Europejskiego Funduszu Spo\u0142ecznego, w ramach Programu Operacyjnego Wiedza Edukacja Rozw\u00f3j na lata 2014-2020,w Dzia\u0142aniu 2.8 Rozw\u00f3j us\u0142ug spo\u0142ecznych \u015bwiadczonych w \u015brodowisku lokalnym, Priorytet Inwestycyjny PI 9iv: U\u0142atwianie dost\u0119pu do przyst\u0119pnych cenowo, trwa\u0142ych oraz wysokiej jako\u015bci us\u0142ug, w tym opieki [&hellip;]<\/p>\n","protected":false},"author":1,"featured_media":0,"parent":0,"menu_order":0,"comment_status":"closed","ping_status":"closed","template":"","meta":{"footnotes":""},"class_list":["post-43","page","type-page","status-publish","hentry"],"yoast_head":"<!-- This site is optimized with the Yoast SEO plugin v24.5 - https:\/\/yoast.com\/wordpress\/plugins\/seo\/ -->\n<title>DPS wojew\u00f3dztwo podlaskie - Zgromadzenie Si\u00f3str Franciszkanek Rodziny Maryi<\/title>\n<meta name=\"robots\" content=\"index, follow, max-snippet:-1, max-image-preview:large, max-video-preview:-1\" \/>\n<link rel=\"canonical\" href=\"https:\/\/prowincjawarszawska.pl\/index.php\/dps-wojewodztwo-podlaskie\/\" \/>\n<meta property=\"og:locale\" content=\"pl_PL\" \/>\n<meta property=\"og:type\" content=\"article\" \/>\n<meta property=\"og:title\" content=\"DPS wojew\u00f3dztwo podlaskie - Zgromadzenie Si\u00f3str Franciszkanek Rodziny Maryi\" \/>\n<meta property=\"og:description\" content=\"Projekt \u201eBezpieczna przysz\u0142o\u015b\u0107\u201d &#8211; wsparcie dla Dom\u00f3w Pomocy Spo\u0142ecznej z terenu wojew\u00f3dztwa podlaskiego wsp\u00f3\u0142finansowany ze \u015brodk\u00f3w Europejskiego Funduszu Spo\u0142ecznego, w ramach Programu Operacyjnego Wiedza Edukacja Rozw\u00f3j na lata 2014-2020,w Dzia\u0142aniu 2.8 Rozw\u00f3j us\u0142ug spo\u0142ecznych \u015bwiadczonych w \u015brodowisku lokalnym, Priorytet Inwestycyjny PI 9iv: U\u0142atwianie dost\u0119pu do przyst\u0119pnych cenowo, trwa\u0142ych oraz wysokiej jako\u015bci us\u0142ug, w tym opieki [&hellip;]\" \/>\n<meta property=\"og:url\" content=\"https:\/\/prowincjawarszawska.pl\/index.php\/dps-wojewodztwo-podlaskie\/\" \/>\n<meta property=\"og:site_name\" content=\"Zgromadzenie Si\u00f3str Franciszkanek Rodziny Maryi\" \/>\n<meta property=\"article:modified_time\" content=\"2020-12-08T13:37:33+00:00\" \/>\n<meta property=\"og:image\" content=\"http:\/\/prowincjawarszawska.pl\/wp-content\/uploads\/2020\/10\/logo_ue_efs.png\" \/>\n<meta name=\"twitter:card\" content=\"summary_large_image\" \/>\n<meta name=\"twitter:label1\" content=\"Szacowany czas czytania\" \/>\n\t<meta name=\"twitter:data1\" content=\"1 minuta\" \/>\n<script type=\"application\/ld+json\" class=\"yoast-schema-graph\">{\"@context\":\"https:\/\/schema.org\",\"@graph\":[{\"@type\":\"WebPage\",\"@id\":\"https:\/\/prowincjawarszawska.pl\/index.php\/dps-wojewodztwo-podlaskie\/\",\"url\":\"https:\/\/prowincjawarszawska.pl\/index.php\/dps-wojewodztwo-podlaskie\/\",\"name\":\"DPS wojew\u00f3dztwo podlaskie - Zgromadzenie Si\u00f3str Franciszkanek Rodziny Maryi\",\"isPartOf\":{\"@id\":\"https:\/\/prowincjawarszawska.pl\/#website\"},\"primaryImageOfPage\":{\"@id\":\"https:\/\/prowincjawarszawska.pl\/index.php\/dps-wojewodztwo-podlaskie\/#primaryimage\"},\"image\":{\"@id\":\"https:\/\/prowincjawarszawska.pl\/index.php\/dps-wojewodztwo-podlaskie\/#primaryimage\"},\"thumbnailUrl\":\"http:\/\/prowincjawarszawska.pl\/wp-content\/uploads\/2020\/10\/logo_ue_efs.png\",\"datePublished\":\"2020-10-16T15:32:00+00:00\",\"dateModified\":\"2020-12-08T13:37:33+00:00\",\"breadcrumb\":{\"@id\":\"https:\/\/prowincjawarszawska.pl\/index.php\/dps-wojewodztwo-podlaskie\/#breadcrumb\"},\"inLanguage\":\"pl-PL\",\"potentialAction\":[{\"@type\":\"ReadAction\",\"target\":[\"https:\/\/prowincjawarszawska.pl\/index.php\/dps-wojewodztwo-podlaskie\/\"]}]},{\"@type\":\"ImageObject\",\"inLanguage\":\"pl-PL\",\"@id\":\"https:\/\/prowincjawarszawska.pl\/index.php\/dps-wojewodztwo-podlaskie\/#primaryimage\",\"url\":\"https:\/\/prowincjawarszawska.pl\/wp-content\/uploads\/2020\/10\/logo_ue_efs.png\",\"contentUrl\":\"https:\/\/prowincjawarszawska.pl\/wp-content\/uploads\/2020\/10\/logo_ue_efs.png\",\"width\":1007,\"height\":209},{\"@type\":\"BreadcrumbList\",\"@id\":\"https:\/\/prowincjawarszawska.pl\/index.php\/dps-wojewodztwo-podlaskie\/#breadcrumb\",\"itemListElement\":[{\"@type\":\"ListItem\",\"position\":1,\"name\":\"Strona g\u0142\u00f3wna\",\"item\":\"https:\/\/prowincjawarszawska.pl\/\"},{\"@type\":\"ListItem\",\"position\":2,\"name\":\"DPS wojew\u00f3dztwo podlaskie\"}]},{\"@type\":\"WebSite\",\"@id\":\"https:\/\/prowincjawarszawska.pl\/#website\",\"url\":\"https:\/\/prowincjawarszawska.pl\/\",\"name\":\"Zgromadzenie Si\u00f3str Franciszkanek Rodziny Maryi\",\"description\":\"Prowincja Warszawska\",\"publisher\":{\"@id\":\"https:\/\/prowincjawarszawska.pl\/#organization\"},\"potentialAction\":[{\"@type\":\"SearchAction\",\"target\":{\"@type\":\"EntryPoint\",\"urlTemplate\":\"https:\/\/prowincjawarszawska.pl\/?s={search_term_string}\"},\"query-input\":{\"@type\":\"PropertyValueSpecification\",\"valueRequired\":true,\"valueName\":\"search_term_string\"}}],\"inLanguage\":\"pl-PL\"},{\"@type\":\"Organization\",\"@id\":\"https:\/\/prowincjawarszawska.pl\/#organization\",\"name\":\"Zgromadzenie Si\u00f3str Franciszkanek Rodziny Maryi\",\"url\":\"https:\/\/prowincjawarszawska.pl\/\",\"logo\":{\"@type\":\"ImageObject\",\"inLanguage\":\"pl-PL\",\"@id\":\"https:\/\/prowincjawarszawska.pl\/#\/schema\/logo\/image\/\",\"url\":\"https:\/\/prowincjawarszawska.pl\/wp-content\/uploads\/2022\/06\/cropped-LogoSRM.jpg\",\"contentUrl\":\"https:\/\/prowincjawarszawska.pl\/wp-content\/uploads\/2022\/06\/cropped-LogoSRM.jpg\",\"width\":91,\"height\":91,\"caption\":\"Zgromadzenie Si\u00f3str Franciszkanek Rodziny Maryi\"},\"image\":{\"@id\":\"https:\/\/prowincjawarszawska.pl\/#\/schema\/logo\/image\/\"}}]}<\/script>\n<!-- \/ Yoast SEO plugin. -->","yoast_head_json":{"title":"DPS wojew\u00f3dztwo podlaskie - Zgromadzenie Si\u00f3str Franciszkanek Rodziny Maryi","robots":{"index":"index","follow":"follow","max-snippet":"max-snippet:-1","max-image-preview":"max-image-preview:large","max-video-preview":"max-video-preview:-1"},"canonical":"https:\/\/prowincjawarszawska.pl\/index.php\/dps-wojewodztwo-podlaskie\/","og_locale":"pl_PL","og_type":"article","og_title":"DPS wojew\u00f3dztwo podlaskie - Zgromadzenie Si\u00f3str Franciszkanek Rodziny Maryi","og_description":"Projekt \u201eBezpieczna przysz\u0142o\u015b\u0107\u201d &#8211; wsparcie dla Dom\u00f3w Pomocy Spo\u0142ecznej z terenu wojew\u00f3dztwa podlaskiego wsp\u00f3\u0142finansowany ze \u015brodk\u00f3w Europejskiego Funduszu Spo\u0142ecznego, w ramach Programu Operacyjnego Wiedza Edukacja Rozw\u00f3j na lata 2014-2020,w Dzia\u0142aniu 2.8 Rozw\u00f3j us\u0142ug spo\u0142ecznych \u015bwiadczonych w \u015brodowisku lokalnym, Priorytet Inwestycyjny PI 9iv: U\u0142atwianie dost\u0119pu do przyst\u0119pnych cenowo, trwa\u0142ych oraz wysokiej jako\u015bci us\u0142ug, w tym opieki [&hellip;]","og_url":"https:\/\/prowincjawarszawska.pl\/index.php\/dps-wojewodztwo-podlaskie\/","og_site_name":"Zgromadzenie Si\u00f3str Franciszkanek Rodziny Maryi","article_modified_time":"2020-12-08T13:37:33+00:00","og_image":[{"url":"http:\/\/prowincjawarszawska.pl\/wp-content\/uploads\/2020\/10\/logo_ue_efs.png","type":"","width":"","height":""}],"twitter_card":"summary_large_image","twitter_misc":{"Szacowany czas czytania":"1 minuta"},"schema":{"@context":"https:\/\/schema.org","@graph":[{"@type":"WebPage","@id":"https:\/\/prowincjawarszawska.pl\/index.php\/dps-wojewodztwo-podlaskie\/","url":"https:\/\/prowincjawarszawska.pl\/index.php\/dps-wojewodztwo-podlaskie\/","name":"DPS wojew\u00f3dztwo podlaskie - Zgromadzenie Si\u00f3str Franciszkanek Rodziny Maryi","isPartOf":{"@id":"https:\/\/prowincjawarszawska.pl\/#website"},"primaryImageOfPage":{"@id":"https:\/\/prowincjawarszawska.pl\/index.php\/dps-wojewodztwo-podlaskie\/#primaryimage"},"image":{"@id":"https:\/\/prowincjawarszawska.pl\/index.php\/dps-wojewodztwo-podlaskie\/#primaryimage"},"thumbnailUrl":"http:\/\/prowincjawarszawska.pl\/wp-content\/uploads\/2020\/10\/logo_ue_efs.png","datePublished":"2020-10-16T15:32:00+00:00","dateModified":"2020-12-08T13:37:33+00:00","breadcrumb":{"@id":"https:\/\/prowincjawarszawska.pl\/index.php\/dps-wojewodztwo-podlaskie\/#breadcrumb"},"inLanguage":"pl-PL","potentialAction":[{"@type":"ReadAction","target":["https:\/\/prowincjawarszawska.pl\/index.php\/dps-wojewodztwo-podlaskie\/"]}]},{"@type":"ImageObject","inLanguage":"pl-PL","@id":"https:\/\/prowincjawarszawska.pl\/index.php\/dps-wojewodztwo-podlaskie\/#primaryimage","url":"https:\/\/prowincjawarszawska.pl\/wp-content\/uploads\/2020\/10\/logo_ue_efs.png","contentUrl":"https:\/\/prowincjawarszawska.pl\/wp-content\/uploads\/2020\/10\/logo_ue_efs.png","width":1007,"height":209},{"@type":"BreadcrumbList","@id":"https:\/\/prowincjawarszawska.pl\/index.php\/dps-wojewodztwo-podlaskie\/#breadcrumb","itemListElement":[{"@type":"ListItem","position":1,"name":"Strona g\u0142\u00f3wna","item":"https:\/\/prowincjawarszawska.pl\/"},{"@type":"ListItem","position":2,"name":"DPS wojew\u00f3dztwo podlaskie"}]},{"@type":"WebSite","@id":"https:\/\/prowincjawarszawska.pl\/#website","url":"https:\/\/prowincjawarszawska.pl\/","name":"Zgromadzenie Si\u00f3str Franciszkanek Rodziny Maryi","description":"Prowincja Warszawska","publisher":{"@id":"https:\/\/prowincjawarszawska.pl\/#organization"},"potentialAction":[{"@type":"SearchAction","target":{"@type":"EntryPoint","urlTemplate":"https:\/\/prowincjawarszawska.pl\/?s={search_term_string}"},"query-input":{"@type":"PropertyValueSpecification","valueRequired":true,"valueName":"search_term_string"}}],"inLanguage":"pl-PL"},{"@type":"Organization","@id":"https:\/\/prowincjawarszawska.pl\/#organization","name":"Zgromadzenie Si\u00f3str Franciszkanek Rodziny Maryi","url":"https:\/\/prowincjawarszawska.pl\/","logo":{"@type":"ImageObject","inLanguage":"pl-PL","@id":"https:\/\/prowincjawarszawska.pl\/#\/schema\/logo\/image\/","url":"https:\/\/prowincjawarszawska.pl\/wp-content\/uploads\/2022\/06\/cropped-LogoSRM.jpg","contentUrl":"https:\/\/prowincjawarszawska.pl\/wp-content\/uploads\/2022\/06\/cropped-LogoSRM.jpg","width":91,"height":91,"caption":"Zgromadzenie Si\u00f3str Franciszkanek Rodziny Maryi"},"image":{"@id":"https:\/\/prowincjawarszawska.pl\/#\/schema\/logo\/image\/"}}]}},"jetpack_sharing_enabled":true,"_links":{"self":[{"href":"https:\/\/prowincjawarszawska.pl\/index.php\/wp-json\/wp\/v2\/pages\/43","targetHints":{"allow":["GET"]}}],"collection":[{"href":"https:\/\/prowincjawarszawska.pl\/index.php\/wp-json\/wp\/v2\/pages"}],"about":[{"href":"https:\/\/prowincjawarszawska.pl\/index.php\/wp-json\/wp\/v2\/types\/page"}],"author":[{"embeddable":true,"href":"https:\/\/prowincjawarszawska.pl\/index.php\/wp-json\/wp\/v2\/users\/1"}],"replies":[{"embeddable":true,"href":"https:\/\/prowincjawarszawska.pl\/index.php\/wp-json\/wp\/v2\/comments?post=43"}],"version-history":[{"count":7,"href":"https:\/\/prowincjawarszawska.pl\/index.php\/wp-json\/wp\/v2\/pages\/43\/revisions"}],"predecessor-version":[{"id":97,"href":"https:\/\/prowincjawarszawska.pl\/index.php\/wp-json\/wp\/v2\/pages\/43\/revisions\/97"}],"wp:attachment":[{"href":"https:\/\/prowincjawarszawska.pl\/index.php\/wp-json\/wp\/v2\/media?parent=43"}],"curies":[{"name":"wp","href":"https:\/\/api.w.org\/{rel}","templated":true}]}}