{"id":56,"date":"2020-11-13T11:50:57","date_gmt":"2020-11-13T10:50:57","guid":{"rendered":"http:\/\/prowincjawarszawska.pl\/?page_id=56"},"modified":"2020-11-13T11:50:58","modified_gmt":"2020-11-13T10:50:58","slug":"projekt-wsparcie-dla-mazowsza-wsparcie-dla-domow-pomocy-spolecznej-z-terenu-wojewodztwa-mazowieckiego","status":"publish","type":"page","link":"https:\/\/prowincjawarszawska.pl\/index.php\/projekt-wsparcie-dla-mazowsza-wsparcie-dla-domow-pomocy-spolecznej-z-terenu-wojewodztwa-mazowieckiego\/","title":{"rendered":"Projekt \u201eWSPARCIE DLA MAZOWSZA\u201d- wsparcie dla Dom\u00f3w Pomocy Spo\u0142ecznej z terenu wojew\u00f3dztwa mazowieckiego"},"content":{"rendered":"\n<p><em><strong>Informacja o projekcie:<\/strong><\/em><\/p>\n\n\n\n<p>Zgromadzenie Si\u00f3str Franciszkanek Rodziny Maryi Prowincja Niepokalanej \u2013 Warszawska z siedzib\u0105 w Warszawie, ul. Ho\u017ca 53 jest jednym z beneficjent\u00f3w projektu pn. \u201eWSPARCIE DLA MAZOWSZA\u201d, wsp\u00f3\u0142finansowanego przez Uni\u0119 Europejsk\u0105, w ramach Europejskiego Funduszu Spo\u0142ecznego, Dzia\u0142ania 2.8 Rozw\u00f3j us\u0142ug spo\u0142ecznych \u015bwiadczonych w \u015brodowisku lokalnym Programu Operacyjnego Wiedza Edukacja Rozw\u00f3j 2014-2020.<\/p>\n\n\n\n<p><em><strong>Cel projektu:<\/strong><\/em><\/p>\n\n\n\n<p>Celem projektu jest \u0142agodzenie skutk\u00f3w pandemii COVID-19 oraz przeciwdzia\u0142anie jej negatywnym konsekwencjom, w szczeg\u00f3lno\u015bci dla os\u00f3b znajduj\u0105cych si\u0119 w grupie ryzyka, poprzez zapewnienie w\u0142a\u015bciwej opieki nad osobami przebywaj\u0105cymi w Domu Pomocy Spo\u0142ecznej dla Dzieci i M\u0142odzie\u017cy Zgromadzenia Si\u00f3str Franciszkanek Rodziny Maryi w Warszawie, ul. \u017bega\u0144ska 34 na terenie wojew\u00f3dztwa mazowieckiego prowadzonego przez Zgromadzenie Si\u00f3str Franciszkanek Rodziny Maryi Prowincja Niepokalanej \u2013 Warszawska.<\/p>\n\n\n\n<p><em><strong>Efekty projektu:<\/strong><\/em><\/p>\n\n\n\n<p>Projekt przyczyni\u0142 si\u0119 do ograniczenia wyst\u0105pienia negatywnych skutk\u00f3w COVID-19 poprzez wsparcie personelu i pensjonariuszy Domu Pomocy Spo\u0142ecznej dla Dzieci i M\u0142odzie\u017cy Zgromadzenia Si\u00f3str Franciszkanek Rodziny Maryi w Warszawie, ul. \u017bega\u0144ska 34 na terenie wojew\u00f3dztwa mazowieckiego prowadzonego przez Zgromadzenie Si\u00f3str Franciszkanek Rodziny Maryi Prowincja Niepokalanej \u2013 Warszawska.<\/p>\n\n\n\n<p><em><strong>Grupa docelowa:<\/strong><\/em><\/p>\n\n\n\n<p>Personel i Mieszkanki Domu Pomocy Spo\u0142ecznej dla Dzieci i M\u0142odzie\u017cy Zgromadzenia Si\u00f3str Franciszkanek Rodziny Maryi w Warszawie, ul. \u017bega\u0144ska 34 na terenie wojew\u00f3dztwa mazowieckiego prowadzonego przez Zgromadzenie Si\u00f3str Franciszkanek Rodziny Maryi Prowincja Niepokalanej \u2013 Warszawska.<\/p>\n\n\n\n<p><em><strong>Formy wsparcia:<\/strong><\/em><\/p>\n\n\n\n<ul class=\"wp-block-list\"><li>W ramach projektu przyznano dodatki do wynagrodze\u0144 dla pracownik\u00f3w Domu Pomocy Spo\u0142ecznej dla Dzieci i M\u0142odzie\u017cy Zgromadzenia Si\u00f3str Franciszkanek Rodziny Maryi w Warszawie, ul. \u017bega\u0144ska 34 prowadzonego przez Zgromadzenie Si\u00f3str Franciszkanek Rodziny Maryi Prowincja Niepokalanej \u2013 Warszawska, z wy\u0142\u0105czeniem kadry medycznej i personelu technicznego (obejmuj\u0105cy okres trzech miesi\u0119cy: od sierpnia 2020 r. do pa\u017adziernika 2020 r.).<br>Wsparciem obj\u0119to <strong>36<\/strong> pracownik\u00f3w.<\/li><\/ul>\n\n\n\n<ul class=\"wp-block-list\"><li>Zakupiono ozonator, maty dezynfekcyjne, dozowniki do p\u0142ynu dezynfekcyjnego, termometry.<\/li><\/ul>\n\n\n\n<p><em><strong>Warto\u015b\u0107 uzyskanego wsparcia <\/strong><\/em>wynosi<em><strong> 121.765,36 <\/strong><\/em>PLN.<\/p>\n\n\n\n<figure class=\"wp-block-image size-large\"><img loading=\"lazy\" decoding=\"async\" width=\"1007\" height=\"209\" src=\"http:\/\/prowincjawarszawska.pl\/wp-content\/uploads\/2020\/10\/logo_ue_efs.png\" alt=\"\" class=\"wp-image-45\" srcset=\"https:\/\/prowincjawarszawska.pl\/wp-content\/uploads\/2020\/10\/logo_ue_efs.png 1007w, https:\/\/prowincjawarszawska.pl\/wp-content\/uploads\/2020\/10\/logo_ue_efs-600x125.png 600w, https:\/\/prowincjawarszawska.pl\/wp-content\/uploads\/2020\/10\/logo_ue_efs-300x62.png 300w, https:\/\/prowincjawarszawska.pl\/wp-content\/uploads\/2020\/10\/logo_ue_efs-768x159.png 768w\" sizes=\"auto, (max-width: 1007px) 100vw, 1007px\" \/><\/figure>\n\n\n\n<p><\/p>\n","protected":false},"excerpt":{"rendered":"<p>Informacja o projekcie: Zgromadzenie Si\u00f3str Franciszkanek Rodziny Maryi Prowincja Niepokalanej \u2013 Warszawska z siedzib\u0105 w Warszawie, ul. Ho\u017ca 53 jest jednym z beneficjent\u00f3w projektu pn. \u201eWSPARCIE DLA MAZOWSZA\u201d, wsp\u00f3\u0142finansowanego przez Uni\u0119 Europejsk\u0105, w ramach Europejskiego Funduszu Spo\u0142ecznego, Dzia\u0142ania 2.8 Rozw\u00f3j us\u0142ug spo\u0142ecznych \u015bwiadczonych w \u015brodowisku lokalnym Programu Operacyjnego Wiedza Edukacja Rozw\u00f3j 2014-2020. Cel projektu: Celem [&hellip;]<\/p>\n","protected":false},"author":1,"featured_media":0,"parent":0,"menu_order":0,"comment_status":"closed","ping_status":"closed","template":"","meta":{"footnotes":""},"class_list":["post-56","page","type-page","status-publish","hentry"],"yoast_head":"<!-- This site is optimized with the Yoast SEO plugin v24.5 - https:\/\/yoast.com\/wordpress\/plugins\/seo\/ -->\n<title>Projekt \u201eWSPARCIE DLA MAZOWSZA\u201d- wsparcie dla Dom\u00f3w Pomocy Spo\u0142ecznej z terenu wojew\u00f3dztwa mazowieckiego - Zgromadzenie Si\u00f3str Franciszkanek Rodziny Maryi<\/title>\n<meta name=\"robots\" content=\"index, follow, max-snippet:-1, max-image-preview:large, max-video-preview:-1\" \/>\n<link rel=\"canonical\" href=\"https:\/\/prowincjawarszawska.pl\/index.php\/projekt-wsparcie-dla-mazowsza-wsparcie-dla-domow-pomocy-spolecznej-z-terenu-wojewodztwa-mazowieckiego\/\" \/>\n<meta property=\"og:locale\" content=\"pl_PL\" \/>\n<meta property=\"og:type\" content=\"article\" \/>\n<meta property=\"og:title\" content=\"Projekt \u201eWSPARCIE DLA MAZOWSZA\u201d- wsparcie dla Dom\u00f3w Pomocy Spo\u0142ecznej z terenu wojew\u00f3dztwa mazowieckiego - Zgromadzenie Si\u00f3str Franciszkanek Rodziny Maryi\" \/>\n<meta property=\"og:description\" content=\"Informacja o projekcie: Zgromadzenie Si\u00f3str Franciszkanek Rodziny Maryi Prowincja Niepokalanej \u2013 Warszawska z siedzib\u0105 w Warszawie, ul. Ho\u017ca 53 jest jednym z beneficjent\u00f3w projektu pn. \u201eWSPARCIE DLA MAZOWSZA\u201d, wsp\u00f3\u0142finansowanego przez Uni\u0119 Europejsk\u0105, w ramach Europejskiego Funduszu Spo\u0142ecznego, Dzia\u0142ania 2.8 Rozw\u00f3j us\u0142ug spo\u0142ecznych \u015bwiadczonych w \u015brodowisku lokalnym Programu Operacyjnego Wiedza Edukacja Rozw\u00f3j 2014-2020. Cel projektu: Celem [&hellip;]\" \/>\n<meta property=\"og:url\" content=\"https:\/\/prowincjawarszawska.pl\/index.php\/projekt-wsparcie-dla-mazowsza-wsparcie-dla-domow-pomocy-spolecznej-z-terenu-wojewodztwa-mazowieckiego\/\" \/>\n<meta property=\"og:site_name\" content=\"Zgromadzenie Si\u00f3str Franciszkanek Rodziny Maryi\" \/>\n<meta property=\"article:modified_time\" content=\"2020-11-13T10:50:58+00:00\" \/>\n<meta property=\"og:image\" content=\"http:\/\/prowincjawarszawska.pl\/wp-content\/uploads\/2020\/10\/logo_ue_efs.png\" \/>\n<meta name=\"twitter:card\" content=\"summary_large_image\" \/>\n<meta name=\"twitter:label1\" content=\"Szacowany czas czytania\" \/>\n\t<meta name=\"twitter:data1\" content=\"2 minuty\" \/>\n<script type=\"application\/ld+json\" class=\"yoast-schema-graph\">{\"@context\":\"https:\/\/schema.org\",\"@graph\":[{\"@type\":\"WebPage\",\"@id\":\"https:\/\/prowincjawarszawska.pl\/index.php\/projekt-wsparcie-dla-mazowsza-wsparcie-dla-domow-pomocy-spolecznej-z-terenu-wojewodztwa-mazowieckiego\/\",\"url\":\"https:\/\/prowincjawarszawska.pl\/index.php\/projekt-wsparcie-dla-mazowsza-wsparcie-dla-domow-pomocy-spolecznej-z-terenu-wojewodztwa-mazowieckiego\/\",\"name\":\"Projekt \u201eWSPARCIE DLA MAZOWSZA\u201d- wsparcie dla Dom\u00f3w Pomocy Spo\u0142ecznej z terenu wojew\u00f3dztwa mazowieckiego - Zgromadzenie Si\u00f3str Franciszkanek Rodziny Maryi\",\"isPartOf\":{\"@id\":\"https:\/\/prowincjawarszawska.pl\/#website\"},\"primaryImageOfPage\":{\"@id\":\"https:\/\/prowincjawarszawska.pl\/index.php\/projekt-wsparcie-dla-mazowsza-wsparcie-dla-domow-pomocy-spolecznej-z-terenu-wojewodztwa-mazowieckiego\/#primaryimage\"},\"image\":{\"@id\":\"https:\/\/prowincjawarszawska.pl\/index.php\/projekt-wsparcie-dla-mazowsza-wsparcie-dla-domow-pomocy-spolecznej-z-terenu-wojewodztwa-mazowieckiego\/#primaryimage\"},\"thumbnailUrl\":\"http:\/\/prowincjawarszawska.pl\/wp-content\/uploads\/2020\/10\/logo_ue_efs.png\",\"datePublished\":\"2020-11-13T10:50:57+00:00\",\"dateModified\":\"2020-11-13T10:50:58+00:00\",\"breadcrumb\":{\"@id\":\"https:\/\/prowincjawarszawska.pl\/index.php\/projekt-wsparcie-dla-mazowsza-wsparcie-dla-domow-pomocy-spolecznej-z-terenu-wojewodztwa-mazowieckiego\/#breadcrumb\"},\"inLanguage\":\"pl-PL\",\"potentialAction\":[{\"@type\":\"ReadAction\",\"target\":[\"https:\/\/prowincjawarszawska.pl\/index.php\/projekt-wsparcie-dla-mazowsza-wsparcie-dla-domow-pomocy-spolecznej-z-terenu-wojewodztwa-mazowieckiego\/\"]}]},{\"@type\":\"ImageObject\",\"inLanguage\":\"pl-PL\",\"@id\":\"https:\/\/prowincjawarszawska.pl\/index.php\/projekt-wsparcie-dla-mazowsza-wsparcie-dla-domow-pomocy-spolecznej-z-terenu-wojewodztwa-mazowieckiego\/#primaryimage\",\"url\":\"https:\/\/prowincjawarszawska.pl\/wp-content\/uploads\/2020\/10\/logo_ue_efs.png\",\"contentUrl\":\"https:\/\/prowincjawarszawska.pl\/wp-content\/uploads\/2020\/10\/logo_ue_efs.png\",\"width\":1007,\"height\":209},{\"@type\":\"BreadcrumbList\",\"@id\":\"https:\/\/prowincjawarszawska.pl\/index.php\/projekt-wsparcie-dla-mazowsza-wsparcie-dla-domow-pomocy-spolecznej-z-terenu-wojewodztwa-mazowieckiego\/#breadcrumb\",\"itemListElement\":[{\"@type\":\"ListItem\",\"position\":1,\"name\":\"Strona g\u0142\u00f3wna\",\"item\":\"https:\/\/prowincjawarszawska.pl\/\"},{\"@type\":\"ListItem\",\"position\":2,\"name\":\"Projekt \u201eWSPARCIE DLA MAZOWSZA\u201d- wsparcie dla Dom\u00f3w Pomocy Spo\u0142ecznej z terenu wojew\u00f3dztwa mazowieckiego\"}]},{\"@type\":\"WebSite\",\"@id\":\"https:\/\/prowincjawarszawska.pl\/#website\",\"url\":\"https:\/\/prowincjawarszawska.pl\/\",\"name\":\"Zgromadzenie Si\u00f3str Franciszkanek Rodziny Maryi\",\"description\":\"Prowincja Warszawska\",\"publisher\":{\"@id\":\"https:\/\/prowincjawarszawska.pl\/#organization\"},\"potentialAction\":[{\"@type\":\"SearchAction\",\"target\":{\"@type\":\"EntryPoint\",\"urlTemplate\":\"https:\/\/prowincjawarszawska.pl\/?s={search_term_string}\"},\"query-input\":{\"@type\":\"PropertyValueSpecification\",\"valueRequired\":true,\"valueName\":\"search_term_string\"}}],\"inLanguage\":\"pl-PL\"},{\"@type\":\"Organization\",\"@id\":\"https:\/\/prowincjawarszawska.pl\/#organization\",\"name\":\"Zgromadzenie Si\u00f3str Franciszkanek Rodziny Maryi\",\"url\":\"https:\/\/prowincjawarszawska.pl\/\",\"logo\":{\"@type\":\"ImageObject\",\"inLanguage\":\"pl-PL\",\"@id\":\"https:\/\/prowincjawarszawska.pl\/#\/schema\/logo\/image\/\",\"url\":\"https:\/\/prowincjawarszawska.pl\/wp-content\/uploads\/2022\/06\/cropped-LogoSRM.jpg\",\"contentUrl\":\"https:\/\/prowincjawarszawska.pl\/wp-content\/uploads\/2022\/06\/cropped-LogoSRM.jpg\",\"width\":91,\"height\":91,\"caption\":\"Zgromadzenie Si\u00f3str Franciszkanek Rodziny Maryi\"},\"image\":{\"@id\":\"https:\/\/prowincjawarszawska.pl\/#\/schema\/logo\/image\/\"}}]}<\/script>\n<!-- \/ Yoast SEO plugin. -->","yoast_head_json":{"title":"Projekt \u201eWSPARCIE DLA MAZOWSZA\u201d- wsparcie dla Dom\u00f3w Pomocy Spo\u0142ecznej z terenu wojew\u00f3dztwa mazowieckiego - Zgromadzenie Si\u00f3str Franciszkanek Rodziny Maryi","robots":{"index":"index","follow":"follow","max-snippet":"max-snippet:-1","max-image-preview":"max-image-preview:large","max-video-preview":"max-video-preview:-1"},"canonical":"https:\/\/prowincjawarszawska.pl\/index.php\/projekt-wsparcie-dla-mazowsza-wsparcie-dla-domow-pomocy-spolecznej-z-terenu-wojewodztwa-mazowieckiego\/","og_locale":"pl_PL","og_type":"article","og_title":"Projekt \u201eWSPARCIE DLA MAZOWSZA\u201d- wsparcie dla Dom\u00f3w Pomocy Spo\u0142ecznej z terenu wojew\u00f3dztwa mazowieckiego - Zgromadzenie Si\u00f3str Franciszkanek Rodziny Maryi","og_description":"Informacja o projekcie: Zgromadzenie Si\u00f3str Franciszkanek Rodziny Maryi Prowincja Niepokalanej \u2013 Warszawska z siedzib\u0105 w Warszawie, ul. Ho\u017ca 53 jest jednym z beneficjent\u00f3w projektu pn. \u201eWSPARCIE DLA MAZOWSZA\u201d, wsp\u00f3\u0142finansowanego przez Uni\u0119 Europejsk\u0105, w ramach Europejskiego Funduszu Spo\u0142ecznego, Dzia\u0142ania 2.8 Rozw\u00f3j us\u0142ug spo\u0142ecznych \u015bwiadczonych w \u015brodowisku lokalnym Programu Operacyjnego Wiedza Edukacja Rozw\u00f3j 2014-2020. Cel projektu: Celem [&hellip;]","og_url":"https:\/\/prowincjawarszawska.pl\/index.php\/projekt-wsparcie-dla-mazowsza-wsparcie-dla-domow-pomocy-spolecznej-z-terenu-wojewodztwa-mazowieckiego\/","og_site_name":"Zgromadzenie Si\u00f3str Franciszkanek Rodziny Maryi","article_modified_time":"2020-11-13T10:50:58+00:00","og_image":[{"url":"http:\/\/prowincjawarszawska.pl\/wp-content\/uploads\/2020\/10\/logo_ue_efs.png","type":"","width":"","height":""}],"twitter_card":"summary_large_image","twitter_misc":{"Szacowany czas czytania":"2 minuty"},"schema":{"@context":"https:\/\/schema.org","@graph":[{"@type":"WebPage","@id":"https:\/\/prowincjawarszawska.pl\/index.php\/projekt-wsparcie-dla-mazowsza-wsparcie-dla-domow-pomocy-spolecznej-z-terenu-wojewodztwa-mazowieckiego\/","url":"https:\/\/prowincjawarszawska.pl\/index.php\/projekt-wsparcie-dla-mazowsza-wsparcie-dla-domow-pomocy-spolecznej-z-terenu-wojewodztwa-mazowieckiego\/","name":"Projekt \u201eWSPARCIE DLA MAZOWSZA\u201d- wsparcie dla Dom\u00f3w Pomocy Spo\u0142ecznej z terenu wojew\u00f3dztwa mazowieckiego - Zgromadzenie Si\u00f3str Franciszkanek Rodziny Maryi","isPartOf":{"@id":"https:\/\/prowincjawarszawska.pl\/#website"},"primaryImageOfPage":{"@id":"https:\/\/prowincjawarszawska.pl\/index.php\/projekt-wsparcie-dla-mazowsza-wsparcie-dla-domow-pomocy-spolecznej-z-terenu-wojewodztwa-mazowieckiego\/#primaryimage"},"image":{"@id":"https:\/\/prowincjawarszawska.pl\/index.php\/projekt-wsparcie-dla-mazowsza-wsparcie-dla-domow-pomocy-spolecznej-z-terenu-wojewodztwa-mazowieckiego\/#primaryimage"},"thumbnailUrl":"http:\/\/prowincjawarszawska.pl\/wp-content\/uploads\/2020\/10\/logo_ue_efs.png","datePublished":"2020-11-13T10:50:57+00:00","dateModified":"2020-11-13T10:50:58+00:00","breadcrumb":{"@id":"https:\/\/prowincjawarszawska.pl\/index.php\/projekt-wsparcie-dla-mazowsza-wsparcie-dla-domow-pomocy-spolecznej-z-terenu-wojewodztwa-mazowieckiego\/#breadcrumb"},"inLanguage":"pl-PL","potentialAction":[{"@type":"ReadAction","target":["https:\/\/prowincjawarszawska.pl\/index.php\/projekt-wsparcie-dla-mazowsza-wsparcie-dla-domow-pomocy-spolecznej-z-terenu-wojewodztwa-mazowieckiego\/"]}]},{"@type":"ImageObject","inLanguage":"pl-PL","@id":"https:\/\/prowincjawarszawska.pl\/index.php\/projekt-wsparcie-dla-mazowsza-wsparcie-dla-domow-pomocy-spolecznej-z-terenu-wojewodztwa-mazowieckiego\/#primaryimage","url":"https:\/\/prowincjawarszawska.pl\/wp-content\/uploads\/2020\/10\/logo_ue_efs.png","contentUrl":"https:\/\/prowincjawarszawska.pl\/wp-content\/uploads\/2020\/10\/logo_ue_efs.png","width":1007,"height":209},{"@type":"BreadcrumbList","@id":"https:\/\/prowincjawarszawska.pl\/index.php\/projekt-wsparcie-dla-mazowsza-wsparcie-dla-domow-pomocy-spolecznej-z-terenu-wojewodztwa-mazowieckiego\/#breadcrumb","itemListElement":[{"@type":"ListItem","position":1,"name":"Strona g\u0142\u00f3wna","item":"https:\/\/prowincjawarszawska.pl\/"},{"@type":"ListItem","position":2,"name":"Projekt \u201eWSPARCIE DLA MAZOWSZA\u201d- wsparcie dla Dom\u00f3w Pomocy Spo\u0142ecznej z terenu wojew\u00f3dztwa mazowieckiego"}]},{"@type":"WebSite","@id":"https:\/\/prowincjawarszawska.pl\/#website","url":"https:\/\/prowincjawarszawska.pl\/","name":"Zgromadzenie Si\u00f3str Franciszkanek Rodziny Maryi","description":"Prowincja Warszawska","publisher":{"@id":"https:\/\/prowincjawarszawska.pl\/#organization"},"potentialAction":[{"@type":"SearchAction","target":{"@type":"EntryPoint","urlTemplate":"https:\/\/prowincjawarszawska.pl\/?s={search_term_string}"},"query-input":{"@type":"PropertyValueSpecification","valueRequired":true,"valueName":"search_term_string"}}],"inLanguage":"pl-PL"},{"@type":"Organization","@id":"https:\/\/prowincjawarszawska.pl\/#organization","name":"Zgromadzenie Si\u00f3str Franciszkanek Rodziny Maryi","url":"https:\/\/prowincjawarszawska.pl\/","logo":{"@type":"ImageObject","inLanguage":"pl-PL","@id":"https:\/\/prowincjawarszawska.pl\/#\/schema\/logo\/image\/","url":"https:\/\/prowincjawarszawska.pl\/wp-content\/uploads\/2022\/06\/cropped-LogoSRM.jpg","contentUrl":"https:\/\/prowincjawarszawska.pl\/wp-content\/uploads\/2022\/06\/cropped-LogoSRM.jpg","width":91,"height":91,"caption":"Zgromadzenie Si\u00f3str Franciszkanek Rodziny Maryi"},"image":{"@id":"https:\/\/prowincjawarszawska.pl\/#\/schema\/logo\/image\/"}}]}},"jetpack_sharing_enabled":true,"_links":{"self":[{"href":"https:\/\/prowincjawarszawska.pl\/index.php\/wp-json\/wp\/v2\/pages\/56","targetHints":{"allow":["GET"]}}],"collection":[{"href":"https:\/\/prowincjawarszawska.pl\/index.php\/wp-json\/wp\/v2\/pages"}],"about":[{"href":"https:\/\/prowincjawarszawska.pl\/index.php\/wp-json\/wp\/v2\/types\/page"}],"author":[{"embeddable":true,"href":"https:\/\/prowincjawarszawska.pl\/index.php\/wp-json\/wp\/v2\/users\/1"}],"replies":[{"embeddable":true,"href":"https:\/\/prowincjawarszawska.pl\/index.php\/wp-json\/wp\/v2\/comments?post=56"}],"version-history":[{"count":2,"href":"https:\/\/prowincjawarszawska.pl\/index.php\/wp-json\/wp\/v2\/pages\/56\/revisions"}],"predecessor-version":[{"id":60,"href":"https:\/\/prowincjawarszawska.pl\/index.php\/wp-json\/wp\/v2\/pages\/56\/revisions\/60"}],"wp:attachment":[{"href":"https:\/\/prowincjawarszawska.pl\/index.php\/wp-json\/wp\/v2\/media?parent=56"}],"curies":[{"name":"wp","href":"https:\/\/api.w.org\/{rel}","templated":true}]}}