{"id":82,"date":"2020-11-14T12:08:59","date_gmt":"2020-11-14T11:08:59","guid":{"rendered":"http:\/\/prowincjawarszawska.pl\/?page_id=82"},"modified":"2024-07-22T10:09:49","modified_gmt":"2024-07-22T08:09:49","slug":"dps-wojewodztwo-mazowieckie","status":"publish","type":"page","link":"https:\/\/prowincjawarszawska.pl\/index.php\/dps-wojewodztwo-mazowieckie\/","title":{"rendered":"DPS wojew\u00f3dztwo mazowieckie"},"content":{"rendered":"\n<figure class=\"wp-block-image size-large\"><img loading=\"lazy\" decoding=\"async\" width=\"1007\" height=\"209\" src=\"http:\/\/prowincjawarszawska.pl\/wp-content\/uploads\/2020\/10\/logo_ue_efs.png\" alt=\"\" class=\"wp-image-45\" srcset=\"https:\/\/prowincjawarszawska.pl\/wp-content\/uploads\/2020\/10\/logo_ue_efs.png 1007w, https:\/\/prowincjawarszawska.pl\/wp-content\/uploads\/2020\/10\/logo_ue_efs-600x125.png 600w, https:\/\/prowincjawarszawska.pl\/wp-content\/uploads\/2020\/10\/logo_ue_efs-300x62.png 300w, https:\/\/prowincjawarszawska.pl\/wp-content\/uploads\/2020\/10\/logo_ue_efs-768x159.png 768w\" sizes=\"auto, (max-width: 1007px) 100vw, 1007px\" \/><\/figure>\n\n\n\n<h4 class=\"wp-block-heading\"><strong>Projekt \u201eWSPARCIE DLA MAZOWSZA\u201d, wsp\u00f3\u0142finansowany przez Uni\u0119 Europejsk\u0105, w ramach Europejskiego Funduszu Spo\u0142ecznego, Dzia\u0142ania 2.8 Rozw\u00f3j us\u0142ug spo\u0142ecznych \u015bwiadczonych w \u015brodowisku lokalnym Programu Operacyjnego Wiedza Edukacja Rozw\u00f3j 2014-2020.<\/strong><\/h4>\n\n\n\n<div class=\"wp-block-file\"><a href=\"http:\/\/prowincjawarszawska.pl\/wp-content\/uploads\/2020\/11\/DPSdDiM-Miedzylesie-informacja-o-grancie-Wsparcie-dla-Mazowsza.pdf\">DPS dla Dzieci i M\u0142odzie\u017cy Warszawa &#8211; informacja o grancie (PDF, 131KB)<\/a><\/div>\n\n\n\n<div class=\"wp-block-file\"><a href=\"http:\/\/prowincjawarszawska.pl\/wp-content\/uploads\/2020\/11\/Kostowiec-informacja-o-grancie.pdf\">DPS Kostowiec &#8211; informacja o grancie (PDF, 132KB)<\/a><\/div>\n\n\n\n<div class=\"wp-block-file\"><a href=\"http:\/\/prowincjawarszawska.pl\/wp-content\/uploads\/2020\/11\/Robercin-informacja-o-grancie-Wsparcie-dla-Mazowsza.pdf\">DPS Robercin &#8211; informacja o grancie (PDF, 132KB)<\/a><\/div>\n\n\n\n<hr class=\"wp-block-separator has-css-opacity is-style-wide\"\/>\n\n\n\n<h4 class=\"wp-block-heading\"><strong>Projekt \u201eZapewnienie bezpiecze\u0144stwa i opieki pacjentom oraz bezpiecze\u0144stwa personelowi Zak\u0142ad\u00f3w Opieku\u0144czo-Leczniczych, Dom\u00f3w Pomocy Spo\u0142ecznych, Zak\u0142ad\u00f3w Piel\u0119gnacyjno \u2013 Opieku\u0144czych i Hospicj\u00f3w na czas COVID-19\u201d &#8211; wsp\u00f3\u0142finansowany ze \u015brodk\u00f3w Europejskiego Funduszu Spo\u0142ecznego, w ramach Programu Operacyjnego Wiedza Edukacja Rozw\u00f3j na lata 2014-2020.<\/strong><\/h4>\n\n\n\n<div class=\"wp-block-file\"><a href=\"http:\/\/prowincjawarszawska.pl\/wp-content\/uploads\/2021\/07\/DPS-Warszawa-2021-informacja-o-grancie.pdf\">DPS dla Dzieci i M\u0142odzie\u017cy Warszawa &#8211; informacja o grancie (PDF, 126 KB)<\/a><\/div>\n\n\n\n<div class=\"wp-block-file\"><a href=\"http:\/\/prowincjawarszawska.pl\/wp-content\/uploads\/2021\/07\/DPS-Kostowiec-2021-informacja-o-grancie.pdf\">DPS dla Doros\u0142ych Kostowiec &#8211; informacja o grancie (PDF, 124 KB)<\/a><\/div>\n\n\n\n<div class=\"wp-block-file\"><a href=\"http:\/\/prowincjawarszawska.pl\/wp-content\/uploads\/2021\/07\/DPS-Robercin-2021-informacja-o-grancie.pdf\">DPS dla Doros\u0142ych Robercin &#8211;  informacja o grancie (PDF, 126 KB)<\/a><\/div>\n\n\n\n<div class=\"wp-block-file\"><a href=\"http:\/\/prowincjawarszawska.pl\/wp-content\/uploads\/2021\/07\/NFZ-Skrzeszewy-2021-informacja-o-grancie.pdf\">ZOL Skrzeszewy &#8211; informacja o grancie (PDF, 83 KB)<\/a><\/div>\n\n\n\n<hr class=\"wp-block-separator has-css-opacity is-style-wide\"\/>\n\n\n\n<div class=\"wp-block-file\"><a href=\"http:\/\/prowincjawarszawska.pl\/wp-content\/uploads\/2020\/11\/NFZ-DPSdDiM-informacja-o-grancie.pdf\">DPS dla Dzieci i M\u0142odzie\u017cy Warszawa &#8211; informacja o grancie NFZ (PDF, 125KB)<\/a><\/div>\n\n\n\n<div class=\"wp-block-file\"><a href=\"http:\/\/prowincjawarszawska.pl\/wp-content\/uploads\/2020\/11\/NFZ-Kostowiec-informacja-o-grancie.pdf\">DPS Kostowiec &#8211; informacja o grancie NFZ (PDF, 132KB)<\/a><\/div>\n\n\n\n<div class=\"wp-block-file\"><a href=\"http:\/\/prowincjawarszawska.pl\/wp-content\/uploads\/2020\/11\/NFZ-Robercin-informacja-o-grancie.pdf\">DPS Robercin &#8211; informacja o grancie NFZ (PDF, 125KB)<\/a><\/div>\n\n\n\n<div class=\"wp-block-file\"><a href=\"http:\/\/prowincjawarszawska.pl\/wp-content\/uploads\/2020\/12\/NFZ-Skrzeszewy-informacja-o-grancie.pdf\">ZOL Skrzeszewy &#8211; informacja o grancie (PDF, 122KB)<\/a><\/div>\n\n\n\n<h2 class=\"wp-block-heading\"><\/h2>\n","protected":false},"excerpt":{"rendered":"<p>Projekt \u201eWSPARCIE DLA MAZOWSZA\u201d, wsp\u00f3\u0142finansowany przez Uni\u0119 Europejsk\u0105, w ramach Europejskiego Funduszu Spo\u0142ecznego, Dzia\u0142ania 2.8 Rozw\u00f3j us\u0142ug spo\u0142ecznych \u015bwiadczonych w \u015brodowisku lokalnym Programu Operacyjnego Wiedza Edukacja Rozw\u00f3j 2014-2020. Projekt \u201eZapewnienie bezpiecze\u0144stwa i opieki pacjentom oraz bezpiecze\u0144stwa personelowi Zak\u0142ad\u00f3w Opieku\u0144czo-Leczniczych, Dom\u00f3w Pomocy Spo\u0142ecznych, Zak\u0142ad\u00f3w Piel\u0119gnacyjno \u2013 Opieku\u0144czych i Hospicj\u00f3w na czas COVID-19\u201d &#8211; wsp\u00f3\u0142finansowany ze \u015brodk\u00f3w [&hellip;]<\/p>\n","protected":false},"author":1,"featured_media":0,"parent":0,"menu_order":0,"comment_status":"closed","ping_status":"closed","template":"","meta":{"footnotes":""},"class_list":["post-82","page","type-page","status-publish","hentry"],"yoast_head":"<!-- This site is optimized with the Yoast SEO plugin v24.5 - https:\/\/yoast.com\/wordpress\/plugins\/seo\/ -->\n<title>DPS wojew\u00f3dztwo mazowieckie - Zgromadzenie Si\u00f3str Franciszkanek Rodziny Maryi<\/title>\n<meta name=\"robots\" content=\"index, follow, max-snippet:-1, max-image-preview:large, max-video-preview:-1\" \/>\n<link rel=\"canonical\" href=\"https:\/\/prowincjawarszawska.pl\/index.php\/dps-wojewodztwo-mazowieckie\/\" \/>\n<meta property=\"og:locale\" content=\"pl_PL\" \/>\n<meta property=\"og:type\" content=\"article\" \/>\n<meta property=\"og:title\" content=\"DPS wojew\u00f3dztwo mazowieckie - Zgromadzenie Si\u00f3str Franciszkanek Rodziny Maryi\" \/>\n<meta property=\"og:description\" content=\"Projekt \u201eWSPARCIE DLA MAZOWSZA\u201d, wsp\u00f3\u0142finansowany przez Uni\u0119 Europejsk\u0105, w ramach Europejskiego Funduszu Spo\u0142ecznego, Dzia\u0142ania 2.8 Rozw\u00f3j us\u0142ug spo\u0142ecznych \u015bwiadczonych w \u015brodowisku lokalnym Programu Operacyjnego Wiedza Edukacja Rozw\u00f3j 2014-2020. Projekt \u201eZapewnienie bezpiecze\u0144stwa i opieki pacjentom oraz bezpiecze\u0144stwa personelowi Zak\u0142ad\u00f3w Opieku\u0144czo-Leczniczych, Dom\u00f3w Pomocy Spo\u0142ecznych, Zak\u0142ad\u00f3w Piel\u0119gnacyjno \u2013 Opieku\u0144czych i Hospicj\u00f3w na czas COVID-19\u201d &#8211; wsp\u00f3\u0142finansowany ze \u015brodk\u00f3w [&hellip;]\" \/>\n<meta property=\"og:url\" content=\"https:\/\/prowincjawarszawska.pl\/index.php\/dps-wojewodztwo-mazowieckie\/\" \/>\n<meta property=\"og:site_name\" content=\"Zgromadzenie Si\u00f3str Franciszkanek Rodziny Maryi\" \/>\n<meta property=\"article:modified_time\" content=\"2024-07-22T08:09:49+00:00\" \/>\n<meta property=\"og:image\" content=\"http:\/\/prowincjawarszawska.pl\/wp-content\/uploads\/2020\/10\/logo_ue_efs.png\" \/>\n<meta name=\"twitter:card\" content=\"summary_large_image\" \/>\n<meta name=\"twitter:label1\" content=\"Szacowany czas czytania\" \/>\n\t<meta name=\"twitter:data1\" content=\"1 minuta\" \/>\n<script type=\"application\/ld+json\" class=\"yoast-schema-graph\">{\"@context\":\"https:\/\/schema.org\",\"@graph\":[{\"@type\":\"WebPage\",\"@id\":\"https:\/\/prowincjawarszawska.pl\/index.php\/dps-wojewodztwo-mazowieckie\/\",\"url\":\"https:\/\/prowincjawarszawska.pl\/index.php\/dps-wojewodztwo-mazowieckie\/\",\"name\":\"DPS wojew\u00f3dztwo mazowieckie - Zgromadzenie Si\u00f3str Franciszkanek Rodziny Maryi\",\"isPartOf\":{\"@id\":\"https:\/\/prowincjawarszawska.pl\/#website\"},\"primaryImageOfPage\":{\"@id\":\"https:\/\/prowincjawarszawska.pl\/index.php\/dps-wojewodztwo-mazowieckie\/#primaryimage\"},\"image\":{\"@id\":\"https:\/\/prowincjawarszawska.pl\/index.php\/dps-wojewodztwo-mazowieckie\/#primaryimage\"},\"thumbnailUrl\":\"http:\/\/prowincjawarszawska.pl\/wp-content\/uploads\/2020\/10\/logo_ue_efs.png\",\"datePublished\":\"2020-11-14T11:08:59+00:00\",\"dateModified\":\"2024-07-22T08:09:49+00:00\",\"breadcrumb\":{\"@id\":\"https:\/\/prowincjawarszawska.pl\/index.php\/dps-wojewodztwo-mazowieckie\/#breadcrumb\"},\"inLanguage\":\"pl-PL\",\"potentialAction\":[{\"@type\":\"ReadAction\",\"target\":[\"https:\/\/prowincjawarszawska.pl\/index.php\/dps-wojewodztwo-mazowieckie\/\"]}]},{\"@type\":\"ImageObject\",\"inLanguage\":\"pl-PL\",\"@id\":\"https:\/\/prowincjawarszawska.pl\/index.php\/dps-wojewodztwo-mazowieckie\/#primaryimage\",\"url\":\"https:\/\/prowincjawarszawska.pl\/wp-content\/uploads\/2020\/10\/logo_ue_efs.png\",\"contentUrl\":\"https:\/\/prowincjawarszawska.pl\/wp-content\/uploads\/2020\/10\/logo_ue_efs.png\",\"width\":1007,\"height\":209},{\"@type\":\"BreadcrumbList\",\"@id\":\"https:\/\/prowincjawarszawska.pl\/index.php\/dps-wojewodztwo-mazowieckie\/#breadcrumb\",\"itemListElement\":[{\"@type\":\"ListItem\",\"position\":1,\"name\":\"Strona g\u0142\u00f3wna\",\"item\":\"https:\/\/prowincjawarszawska.pl\/\"},{\"@type\":\"ListItem\",\"position\":2,\"name\":\"DPS wojew\u00f3dztwo mazowieckie\"}]},{\"@type\":\"WebSite\",\"@id\":\"https:\/\/prowincjawarszawska.pl\/#website\",\"url\":\"https:\/\/prowincjawarszawska.pl\/\",\"name\":\"Zgromadzenie Si\u00f3str Franciszkanek Rodziny Maryi\",\"description\":\"Prowincja Warszawska\",\"publisher\":{\"@id\":\"https:\/\/prowincjawarszawska.pl\/#organization\"},\"potentialAction\":[{\"@type\":\"SearchAction\",\"target\":{\"@type\":\"EntryPoint\",\"urlTemplate\":\"https:\/\/prowincjawarszawska.pl\/?s={search_term_string}\"},\"query-input\":{\"@type\":\"PropertyValueSpecification\",\"valueRequired\":true,\"valueName\":\"search_term_string\"}}],\"inLanguage\":\"pl-PL\"},{\"@type\":\"Organization\",\"@id\":\"https:\/\/prowincjawarszawska.pl\/#organization\",\"name\":\"Zgromadzenie Si\u00f3str Franciszkanek Rodziny Maryi\",\"url\":\"https:\/\/prowincjawarszawska.pl\/\",\"logo\":{\"@type\":\"ImageObject\",\"inLanguage\":\"pl-PL\",\"@id\":\"https:\/\/prowincjawarszawska.pl\/#\/schema\/logo\/image\/\",\"url\":\"https:\/\/prowincjawarszawska.pl\/wp-content\/uploads\/2022\/06\/cropped-LogoSRM.jpg\",\"contentUrl\":\"https:\/\/prowincjawarszawska.pl\/wp-content\/uploads\/2022\/06\/cropped-LogoSRM.jpg\",\"width\":91,\"height\":91,\"caption\":\"Zgromadzenie Si\u00f3str Franciszkanek Rodziny Maryi\"},\"image\":{\"@id\":\"https:\/\/prowincjawarszawska.pl\/#\/schema\/logo\/image\/\"}}]}<\/script>\n<!-- \/ Yoast SEO plugin. -->","yoast_head_json":{"title":"DPS wojew\u00f3dztwo mazowieckie - Zgromadzenie Si\u00f3str Franciszkanek Rodziny Maryi","robots":{"index":"index","follow":"follow","max-snippet":"max-snippet:-1","max-image-preview":"max-image-preview:large","max-video-preview":"max-video-preview:-1"},"canonical":"https:\/\/prowincjawarszawska.pl\/index.php\/dps-wojewodztwo-mazowieckie\/","og_locale":"pl_PL","og_type":"article","og_title":"DPS wojew\u00f3dztwo mazowieckie - Zgromadzenie Si\u00f3str Franciszkanek Rodziny Maryi","og_description":"Projekt \u201eWSPARCIE DLA MAZOWSZA\u201d, wsp\u00f3\u0142finansowany przez Uni\u0119 Europejsk\u0105, w ramach Europejskiego Funduszu Spo\u0142ecznego, Dzia\u0142ania 2.8 Rozw\u00f3j us\u0142ug spo\u0142ecznych \u015bwiadczonych w \u015brodowisku lokalnym Programu Operacyjnego Wiedza Edukacja Rozw\u00f3j 2014-2020. Projekt \u201eZapewnienie bezpiecze\u0144stwa i opieki pacjentom oraz bezpiecze\u0144stwa personelowi Zak\u0142ad\u00f3w Opieku\u0144czo-Leczniczych, Dom\u00f3w Pomocy Spo\u0142ecznych, Zak\u0142ad\u00f3w Piel\u0119gnacyjno \u2013 Opieku\u0144czych i Hospicj\u00f3w na czas COVID-19\u201d &#8211; wsp\u00f3\u0142finansowany ze \u015brodk\u00f3w [&hellip;]","og_url":"https:\/\/prowincjawarszawska.pl\/index.php\/dps-wojewodztwo-mazowieckie\/","og_site_name":"Zgromadzenie Si\u00f3str Franciszkanek Rodziny Maryi","article_modified_time":"2024-07-22T08:09:49+00:00","og_image":[{"url":"http:\/\/prowincjawarszawska.pl\/wp-content\/uploads\/2020\/10\/logo_ue_efs.png","type":"","width":"","height":""}],"twitter_card":"summary_large_image","twitter_misc":{"Szacowany czas czytania":"1 minuta"},"schema":{"@context":"https:\/\/schema.org","@graph":[{"@type":"WebPage","@id":"https:\/\/prowincjawarszawska.pl\/index.php\/dps-wojewodztwo-mazowieckie\/","url":"https:\/\/prowincjawarszawska.pl\/index.php\/dps-wojewodztwo-mazowieckie\/","name":"DPS wojew\u00f3dztwo mazowieckie - Zgromadzenie Si\u00f3str Franciszkanek Rodziny Maryi","isPartOf":{"@id":"https:\/\/prowincjawarszawska.pl\/#website"},"primaryImageOfPage":{"@id":"https:\/\/prowincjawarszawska.pl\/index.php\/dps-wojewodztwo-mazowieckie\/#primaryimage"},"image":{"@id":"https:\/\/prowincjawarszawska.pl\/index.php\/dps-wojewodztwo-mazowieckie\/#primaryimage"},"thumbnailUrl":"http:\/\/prowincjawarszawska.pl\/wp-content\/uploads\/2020\/10\/logo_ue_efs.png","datePublished":"2020-11-14T11:08:59+00:00","dateModified":"2024-07-22T08:09:49+00:00","breadcrumb":{"@id":"https:\/\/prowincjawarszawska.pl\/index.php\/dps-wojewodztwo-mazowieckie\/#breadcrumb"},"inLanguage":"pl-PL","potentialAction":[{"@type":"ReadAction","target":["https:\/\/prowincjawarszawska.pl\/index.php\/dps-wojewodztwo-mazowieckie\/"]}]},{"@type":"ImageObject","inLanguage":"pl-PL","@id":"https:\/\/prowincjawarszawska.pl\/index.php\/dps-wojewodztwo-mazowieckie\/#primaryimage","url":"https:\/\/prowincjawarszawska.pl\/wp-content\/uploads\/2020\/10\/logo_ue_efs.png","contentUrl":"https:\/\/prowincjawarszawska.pl\/wp-content\/uploads\/2020\/10\/logo_ue_efs.png","width":1007,"height":209},{"@type":"BreadcrumbList","@id":"https:\/\/prowincjawarszawska.pl\/index.php\/dps-wojewodztwo-mazowieckie\/#breadcrumb","itemListElement":[{"@type":"ListItem","position":1,"name":"Strona g\u0142\u00f3wna","item":"https:\/\/prowincjawarszawska.pl\/"},{"@type":"ListItem","position":2,"name":"DPS wojew\u00f3dztwo mazowieckie"}]},{"@type":"WebSite","@id":"https:\/\/prowincjawarszawska.pl\/#website","url":"https:\/\/prowincjawarszawska.pl\/","name":"Zgromadzenie Si\u00f3str Franciszkanek Rodziny Maryi","description":"Prowincja Warszawska","publisher":{"@id":"https:\/\/prowincjawarszawska.pl\/#organization"},"potentialAction":[{"@type":"SearchAction","target":{"@type":"EntryPoint","urlTemplate":"https:\/\/prowincjawarszawska.pl\/?s={search_term_string}"},"query-input":{"@type":"PropertyValueSpecification","valueRequired":true,"valueName":"search_term_string"}}],"inLanguage":"pl-PL"},{"@type":"Organization","@id":"https:\/\/prowincjawarszawska.pl\/#organization","name":"Zgromadzenie Si\u00f3str Franciszkanek Rodziny Maryi","url":"https:\/\/prowincjawarszawska.pl\/","logo":{"@type":"ImageObject","inLanguage":"pl-PL","@id":"https:\/\/prowincjawarszawska.pl\/#\/schema\/logo\/image\/","url":"https:\/\/prowincjawarszawska.pl\/wp-content\/uploads\/2022\/06\/cropped-LogoSRM.jpg","contentUrl":"https:\/\/prowincjawarszawska.pl\/wp-content\/uploads\/2022\/06\/cropped-LogoSRM.jpg","width":91,"height":91,"caption":"Zgromadzenie Si\u00f3str Franciszkanek Rodziny Maryi"},"image":{"@id":"https:\/\/prowincjawarszawska.pl\/#\/schema\/logo\/image\/"}}]}},"jetpack_sharing_enabled":true,"_links":{"self":[{"href":"https:\/\/prowincjawarszawska.pl\/index.php\/wp-json\/wp\/v2\/pages\/82","targetHints":{"allow":["GET"]}}],"collection":[{"href":"https:\/\/prowincjawarszawska.pl\/index.php\/wp-json\/wp\/v2\/pages"}],"about":[{"href":"https:\/\/prowincjawarszawska.pl\/index.php\/wp-json\/wp\/v2\/types\/page"}],"author":[{"embeddable":true,"href":"https:\/\/prowincjawarszawska.pl\/index.php\/wp-json\/wp\/v2\/users\/1"}],"replies":[{"embeddable":true,"href":"https:\/\/prowincjawarszawska.pl\/index.php\/wp-json\/wp\/v2\/comments?post=82"}],"version-history":[{"count":11,"href":"https:\/\/prowincjawarszawska.pl\/index.php\/wp-json\/wp\/v2\/pages\/82\/revisions"}],"predecessor-version":[{"id":2054,"href":"https:\/\/prowincjawarszawska.pl\/index.php\/wp-json\/wp\/v2\/pages\/82\/revisions\/2054"}],"wp:attachment":[{"href":"https:\/\/prowincjawarszawska.pl\/index.php\/wp-json\/wp\/v2\/media?parent=82"}],"curies":[{"name":"wp","href":"https:\/\/api.w.org\/{rel}","templated":true}]}}